{"id":812,"date":"2024-07-31T19:42:52","date_gmt":"2024-07-31T19:42:52","guid":{"rendered":"https:\/\/denisedaccach.com\/?post_type=product&#038;p=812"},"modified":"2024-08-30T13:32:57","modified_gmt":"2024-08-30T13:32:57","slug":"maylin-necklace","status":"publish","type":"product","link":"https:\/\/denisedaccach.com\/en\/product\/maylin-necklace\/","title":{"rendered":"Maylin Necklace"},"content":{"rendered":"<p>Shipping<\/p>\n<p>Shipments are made on the third business day after the purchase date. The shipping company may take 2 to 5 business days depending on the destination location.<\/p>","protected":false},"excerpt":{"rendered":"<p>Three-strand knotted necklace of 8 mm green agates, with a carved jade medallion measuring 4.5 cm in diameter, and 24K gold-plated pieces.<\/p>\n<p>Aprox: 40 &#8211; 45cm L.<\/p>","protected":false},"featured_media":804,"template":"","meta":{"_uag_custom_page_level_css":"","_monsterinsights_skip_tracking":false,"_monsterinsights_sitenote_active":false,"_monsterinsights_sitenote_note":"","_monsterinsights_sitenote_category":0,"site-sidebar-layout":"default","site-content-layout":"","ast-site-content-layout":"default","site-content-style":"default","site-sidebar-style":"default","ast-global-header-display":"","ast-banner-title-visibility":"","ast-main-header-display":"","ast-hfb-above-header-display":"","ast-hfb-below-header-display":"","ast-hfb-mobile-header-display":"","site-post-title":"","ast-breadcrumbs-content":"","ast-featured-img":"","footer-sml-layout":"","ast-disable-related-posts":"","theme-transparent-header-meta":"default","adv-header-id-meta":"","stick-header-meta":"","header-above-stick-meta":"","header-main-stick-meta":"","header-below-stick-meta":"","astra-migrate-meta-layouts":"set","ast-page-background-enabled":"default","ast-page-background-meta":{"desktop":{"background-color":"var(--ast-global-color-4)","background-image":"","background-repeat":"repeat","background-position":"center center","background-size":"auto","background-attachment":"scroll","background-type":"","background-media":"","overlay-type":"","overlay-color":"","overlay-opacity":"","overlay-gradient":""},"tablet":{"background-color":"","background-image":"","background-repeat":"repeat","background-position":"center center","background-size":"auto","background-attachment":"scroll","background-type":"","background-media":"","overlay-type":"","overlay-color":"","overlay-opacity":"","overlay-gradient":""},"mobile":{"background-color":"","background-image":"","background-repeat":"repeat","background-position":"center center","background-size":"auto","background-attachment":"scroll","background-type":"","background-media":"","overlay-type":"","overlay-color":"","overlay-opacity":"","overlay-gradient":""}},"ast-content-background-meta":{"desktop":{"background-color":"var(--ast-global-color-5)","background-image":"","background-repeat":"repeat","background-position":"center center","background-size":"auto","background-attachment":"scroll","background-type":"","background-media":"","overlay-type":"","overlay-color":"","overlay-opacity":"","overlay-gradient":""},"tablet":{"background-color":"var(--ast-global-color-5)","background-image":"","background-repeat":"repeat","background-position":"center center","background-size":"auto","background-attachment":"scroll","background-type":"","background-media":"","overlay-type":"","overlay-color":"","overlay-opacity":"","overlay-gradient":""},"mobile":{"background-color":"var(--ast-global-color-5)","background-image":"","background-repeat":"repeat","background-position":"center center","background-size":"auto","background-attachment":"scroll","background-type":"","background-media":"","overlay-type":"","overlay-color":"","overlay-opacity":"","overlay-gradient":""}}},"product_brand":[],"product_cat":[21],"product_tag":[],"class_list":{"0":"post-812","1":"product","2":"type-product","3":"status-publish","4":"has-post-thumbnail","6":"product_cat-necklaces","7":"desktop-align-center","8":"tablet-align-left","9":"mobile-align-center","11":"first","12":"instock","13":"shipping-taxable","14":"purchasable","15":"product-type-simple","16":"wpzoom-wc-spi-has-enabled"},"aioseo_notices":[],"uagb_featured_image_src":{"full":["https:\/\/denisedaccach.com\/wp-content\/uploads\/2024\/07\/DENISE_DACCACH_12250-scaled.jpg",1709,2560,false],"thumbnail":["https:\/\/denisedaccach.com\/wp-content\/uploads\/2024\/07\/DENISE_DACCACH_12250-scaled.jpg",100,150,false],"medium":["https:\/\/denisedaccach.com\/wp-content\/uploads\/2024\/07\/DENISE_DACCACH_12250-scaled.jpg",200,300,false],"medium_large":["https:\/\/denisedaccach.com\/wp-content\/uploads\/2024\/07\/DENISE_DACCACH_12250-scaled.jpg",768,1150,false],"large":["https:\/\/denisedaccach.com\/wp-content\/uploads\/2024\/07\/DENISE_DACCACH_12250-scaled.jpg",684,1024,false],"1536x1536":["https:\/\/denisedaccach.com\/wp-content\/uploads\/2024\/07\/DENISE_DACCACH_12250-scaled.jpg",1025,1536,false],"2048x2048":["https:\/\/denisedaccach.com\/wp-content\/uploads\/2024\/07\/DENISE_DACCACH_12250-scaled.jpg",1367,2048,false],"trp-custom-language-flag":["https:\/\/denisedaccach.com\/wp-content\/uploads\/2024\/07\/DENISE_DACCACH_12250-scaled.jpg",8,12,false],"woocommerce_thumbnail":["https:\/\/denisedaccach.com\/wp-content\/uploads\/2024\/07\/DENISE_DACCACH_12250-scaled-600x600.jpg",600,600,true],"woocommerce_single":["https:\/\/denisedaccach.com\/wp-content\/uploads\/2024\/07\/DENISE_DACCACH_12250-scaled-600x899.jpg",600,899,true],"woocommerce_gallery_thumbnail":["https:\/\/denisedaccach.com\/wp-content\/uploads\/2024\/07\/DENISE_DACCACH_12250-scaled-100x100.jpg",100,100,true]},"uagb_author_info":{"display_name":"denisedaccachjewelry@gmail.com","author_link":"https:\/\/denisedaccach.com\/en\/author\/"},"uagb_comment_info":0,"uagb_excerpt":"Collar anudado de 3 vueltas de \u00e1gatas verdes de 8 mm y un medall\u00f3n de jade tallado con un di\u00e1metro de 4.5 cm y piezas con ba\u00f1o de oro de 24K. Aprox: 40 - 45cm L.","_links":{"self":[{"href":"https:\/\/denisedaccach.com\/en\/wp-json\/wp\/v2\/product\/812","targetHints":{"allow":["GET"]}}],"collection":[{"href":"https:\/\/denisedaccach.com\/en\/wp-json\/wp\/v2\/product"}],"about":[{"href":"https:\/\/denisedaccach.com\/en\/wp-json\/wp\/v2\/types\/product"}],"version-history":[{"count":7,"href":"https:\/\/denisedaccach.com\/en\/wp-json\/wp\/v2\/product\/812\/revisions"}],"predecessor-version":[{"id":2369,"href":"https:\/\/denisedaccach.com\/en\/wp-json\/wp\/v2\/product\/812\/revisions\/2369"}],"wp:featuredmedia":[{"embeddable":true,"href":"https:\/\/denisedaccach.com\/en\/wp-json\/wp\/v2\/media\/804"}],"wp:attachment":[{"href":"https:\/\/denisedaccach.com\/en\/wp-json\/wp\/v2\/media?parent=812"}],"wp:term":[{"taxonomy":"product_brand","embeddable":true,"href":"https:\/\/denisedaccach.com\/en\/wp-json\/wp\/v2\/product_brand?post=812"},{"taxonomy":"product_cat","embeddable":true,"href":"https:\/\/denisedaccach.com\/en\/wp-json\/wp\/v2\/product_cat?post=812"},{"taxonomy":"product_tag","embeddable":true,"href":"https:\/\/denisedaccach.com\/en\/wp-json\/wp\/v2\/product_tag?post=812"}],"curies":[{"name":"wp","href":"https:\/\/api.w.org\/{rel}","templated":true}]}}