{"id":800,"date":"2024-07-31T19:40:19","date_gmt":"2024-07-31T19:40:19","guid":{"rendered":"https:\/\/denisedaccach.com\/?post_type=product&#038;p=800"},"modified":"2025-12-16T21:27:37","modified_gmt":"2025-12-16T21:27:37","slug":"mariana-necklace","status":"publish","type":"product","link":"https:\/\/denisedaccach.com\/en\/product\/mariana-necklace\/","title":{"rendered":"Mariana Necklace"},"content":{"rendered":"<p>Shipping<\/p>\n<p>Shipments are made on the third business day after the purchase date. The shipping company may take 2 to 5 business days depending on the destination location.<\/p>","protected":false},"excerpt":{"rendered":"<p>Knotted necklace with carved bronzite and brown jade, featuring bronze pieces with gold plating and zircons.<\/p>\n<p>Approx: 45cm L; Extension: 4cm.<\/p>\n<div class=\"woocommerce-product-details__short-description\">\n<p>Este pedido cuenta con entrega en 10 dias h\u00e1biles.<\/p>\n<\/div>\n<form class=\"cart\" action=\"https:\/\/denisedaccach.com\/producto\/makena-necklace\/\" enctype=\"multipart\/form-data\" method=\"post\" data-trp-original-action=\"https:\/\/denisedaccach.com\/producto\/makena-necklace\/\">\n<div class=\"quantity buttons_added\"><\/div>\n<input type=\"hidden\" name=\"trp-form-language\" value=\"en\"\/><\/form>","protected":false},"featured_media":2276,"template":"","meta":{"_uag_custom_page_level_css":"","_monsterinsights_skip_tracking":false,"_monsterinsights_sitenote_active":false,"_monsterinsights_sitenote_note":"","_monsterinsights_sitenote_category":0,"site-sidebar-layout":"default","site-content-layout":"","ast-site-content-layout":"default","site-content-style":"default","site-sidebar-style":"default","ast-global-header-display":"","ast-banner-title-visibility":"","ast-main-header-display":"","ast-hfb-above-header-display":"","ast-hfb-below-header-display":"","ast-hfb-mobile-header-display":"","site-post-title":"","ast-breadcrumbs-content":"","ast-featured-img":"","footer-sml-layout":"","ast-disable-related-posts":"","theme-transparent-header-meta":"default","adv-header-id-meta":"","stick-header-meta":"","header-above-stick-meta":"","header-main-stick-meta":"","header-below-stick-meta":"","astra-migrate-meta-layouts":"set","ast-page-background-enabled":"default","ast-page-background-meta":{"desktop":{"background-color":"var(--ast-global-color-4)","background-image":"","background-repeat":"repeat","background-position":"center center","background-size":"auto","background-attachment":"scroll","background-type":"","background-media":"","overlay-type":"","overlay-color":"","overlay-opacity":"","overlay-gradient":""},"tablet":{"background-color":"","background-image":"","background-repeat":"repeat","background-position":"center center","background-size":"auto","background-attachment":"scroll","background-type":"","background-media":"","overlay-type":"","overlay-color":"","overlay-opacity":"","overlay-gradient":""},"mobile":{"background-color":"","background-image":"","background-repeat":"repeat","background-position":"center center","background-size":"auto","background-attachment":"scroll","background-type":"","background-media":"","overlay-type":"","overlay-color":"","overlay-opacity":"","overlay-gradient":""}},"ast-content-background-meta":{"desktop":{"background-color":"var(--ast-global-color-5)","background-image":"","background-repeat":"repeat","background-position":"center center","background-size":"auto","background-attachment":"scroll","background-type":"","background-media":"","overlay-type":"","overlay-color":"","overlay-opacity":"","overlay-gradient":""},"tablet":{"background-color":"var(--ast-global-color-5)","background-image":"","background-repeat":"repeat","background-position":"center center","background-size":"auto","background-attachment":"scroll","background-type":"","background-media":"","overlay-type":"","overlay-color":"","overlay-opacity":"","overlay-gradient":""},"mobile":{"background-color":"var(--ast-global-color-5)","background-image":"","background-repeat":"repeat","background-position":"center center","background-size":"auto","background-attachment":"scroll","background-type":"","background-media":"","overlay-type":"","overlay-color":"","overlay-opacity":"","overlay-gradient":""}}},"product_brand":[],"product_cat":[21],"product_tag":[],"class_list":{"0":"post-800","1":"product","2":"type-product","3":"status-publish","4":"has-post-thumbnail","6":"product_cat-necklaces","7":"desktop-align-center","8":"tablet-align-left","9":"mobile-align-center","11":"first","12":"instock","13":"shipping-taxable","14":"purchasable","15":"product-type-simple","16":"wpzoom-wc-spi-has-enabled"},"aioseo_notices":[],"uagb_featured_image_src":{"full":["https:\/\/denisedaccach.com\/wp-content\/uploads\/2024\/08\/Recortes-06.png",3762,4664,false],"thumbnail":["https:\/\/denisedaccach.com\/wp-content\/uploads\/2024\/08\/Recortes-06.png",121,150,false],"medium":["https:\/\/denisedaccach.com\/wp-content\/uploads\/2024\/08\/Recortes-06.png",242,300,false],"medium_large":["https:\/\/denisedaccach.com\/wp-content\/uploads\/2024\/08\/Recortes-06.png",768,952,false],"large":["https:\/\/denisedaccach.com\/wp-content\/uploads\/2024\/08\/Recortes-06.png",826,1024,false],"1536x1536":["https:\/\/denisedaccach.com\/wp-content\/uploads\/2024\/08\/Recortes-06.png",1239,1536,false],"2048x2048":["https:\/\/denisedaccach.com\/wp-content\/uploads\/2024\/08\/Recortes-06.png",1652,2048,false],"trp-custom-language-flag":["https:\/\/denisedaccach.com\/wp-content\/uploads\/2024\/08\/Recortes-06.png",10,12,false],"woocommerce_thumbnail":["https:\/\/denisedaccach.com\/wp-content\/uploads\/2024\/08\/Recortes-06-600x600.png",600,600,true],"woocommerce_single":["https:\/\/denisedaccach.com\/wp-content\/uploads\/2024\/08\/Recortes-06-600x744.png",600,744,true],"woocommerce_gallery_thumbnail":["https:\/\/denisedaccach.com\/wp-content\/uploads\/2024\/08\/Recortes-06-100x100.png",100,100,true]},"uagb_author_info":{"display_name":"denisedaccachjewelry@gmail.com","author_link":"https:\/\/denisedaccach.com\/en\/author\/"},"uagb_comment_info":0,"uagb_excerpt":"Collar anudado en bronzita tallada y jade caf\u00e9, con piezas en bronce con ba\u00f1o de oro y circones. Aprox: 45cm L; Extensi\u00f3n: 4cm. Este pedido cuenta con entrega en 10 dias h\u00e1biles.","_links":{"self":[{"href":"https:\/\/denisedaccach.com\/en\/wp-json\/wp\/v2\/product\/800","targetHints":{"allow":["GET"]}}],"collection":[{"href":"https:\/\/denisedaccach.com\/en\/wp-json\/wp\/v2\/product"}],"about":[{"href":"https:\/\/denisedaccach.com\/en\/wp-json\/wp\/v2\/types\/product"}],"version-history":[{"count":10,"href":"https:\/\/denisedaccach.com\/en\/wp-json\/wp\/v2\/product\/800\/revisions"}],"predecessor-version":[{"id":3070,"href":"https:\/\/denisedaccach.com\/en\/wp-json\/wp\/v2\/product\/800\/revisions\/3070"}],"wp:featuredmedia":[{"embeddable":true,"href":"https:\/\/denisedaccach.com\/en\/wp-json\/wp\/v2\/media\/2276"}],"wp:attachment":[{"href":"https:\/\/denisedaccach.com\/en\/wp-json\/wp\/v2\/media?parent=800"}],"wp:term":[{"taxonomy":"product_brand","embeddable":true,"href":"https:\/\/denisedaccach.com\/en\/wp-json\/wp\/v2\/product_brand?post=800"},{"taxonomy":"product_cat","embeddable":true,"href":"https:\/\/denisedaccach.com\/en\/wp-json\/wp\/v2\/product_cat?post=800"},{"taxonomy":"product_tag","embeddable":true,"href":"https:\/\/denisedaccach.com\/en\/wp-json\/wp\/v2\/product_tag?post=800"}],"curies":[{"name":"wp","href":"https:\/\/api.w.org\/{rel}","templated":true}]}}