{"id":78,"date":"2024-07-23T14:08:17","date_gmt":"2024-07-23T14:08:17","guid":{"rendered":"https:\/\/denisedaccach.com\/?post_type=product&#038;p=78"},"modified":"2024-12-19T22:18:54","modified_gmt":"2024-12-19T22:18:54","slug":"kira-necklace","status":"publish","type":"product","link":"https:\/\/denisedaccach.com\/en\/product\/kira-necklace\/","title":{"rendered":"Kira Necklace"},"content":{"rendered":"<p>Shipping<\/p>\n<p>Shipments are made on the third business day after the purchase date. The shipping company may take 2 to 5 business days depending on the destination location.<\/p>","protected":false},"excerpt":{"rendered":"<p>Knotted necklace with lapis lazuli cylinders measuring 0.8cm in length by 0.5cm in width, featuring zirconia-accented pieces.<\/p>\n<p>Rhodium clasp with 24K gold plating and zirconia.<\/p>\n<p>Approx: 45cm L; Extension: 4cm.<\/p>","protected":false},"featured_media":80,"template":"","meta":{"_uag_custom_page_level_css":"","_monsterinsights_skip_tracking":false,"_monsterinsights_sitenote_active":false,"_monsterinsights_sitenote_note":"","_monsterinsights_sitenote_category":0,"site-sidebar-layout":"default","site-content-layout":"","ast-site-content-layout":"default","site-content-style":"default","site-sidebar-style":"default","ast-global-header-display":"","ast-banner-title-visibility":"","ast-main-header-display":"","ast-hfb-above-header-display":"","ast-hfb-below-header-display":"","ast-hfb-mobile-header-display":"","site-post-title":"","ast-breadcrumbs-content":"","ast-featured-img":"","footer-sml-layout":"","ast-disable-related-posts":"","theme-transparent-header-meta":"default","adv-header-id-meta":"","stick-header-meta":"","header-above-stick-meta":"","header-main-stick-meta":"","header-below-stick-meta":"","astra-migrate-meta-layouts":"set","ast-page-background-enabled":"default","ast-page-background-meta":{"desktop":{"background-color":"var(--ast-global-color-4)","background-image":"","background-repeat":"repeat","background-position":"center center","background-size":"auto","background-attachment":"scroll","background-type":"","background-media":"","overlay-type":"","overlay-color":"","overlay-opacity":"","overlay-gradient":""},"tablet":{"background-color":"","background-image":"","background-repeat":"repeat","background-position":"center center","background-size":"auto","background-attachment":"scroll","background-type":"","background-media":"","overlay-type":"","overlay-color":"","overlay-opacity":"","overlay-gradient":""},"mobile":{"background-color":"","background-image":"","background-repeat":"repeat","background-position":"center center","background-size":"auto","background-attachment":"scroll","background-type":"","background-media":"","overlay-type":"","overlay-color":"","overlay-opacity":"","overlay-gradient":""}},"ast-content-background-meta":{"desktop":{"background-color":"var(--ast-global-color-5)","background-image":"","background-repeat":"repeat","background-position":"center center","background-size":"auto","background-attachment":"scroll","background-type":"","background-media":"","overlay-type":"","overlay-color":"","overlay-opacity":"","overlay-gradient":""},"tablet":{"background-color":"var(--ast-global-color-5)","background-image":"","background-repeat":"repeat","background-position":"center center","background-size":"auto","background-attachment":"scroll","background-type":"","background-media":"","overlay-type":"","overlay-color":"","overlay-opacity":"","overlay-gradient":""},"mobile":{"background-color":"var(--ast-global-color-5)","background-image":"","background-repeat":"repeat","background-position":"center center","background-size":"auto","background-attachment":"scroll","background-type":"","background-media":"","overlay-type":"","overlay-color":"","overlay-opacity":"","overlay-gradient":""}}},"product_brand":[],"product_cat":[21],"product_tag":[],"class_list":{"0":"post-78","1":"product","2":"type-product","3":"status-publish","4":"has-post-thumbnail","6":"product_cat-necklaces","7":"desktop-align-center","8":"tablet-align-left","9":"mobile-align-center","11":"first","12":"instock","13":"shipping-taxable","14":"purchasable","15":"product-type-simple","16":"wpzoom-wc-spi-has-enabled"},"aioseo_notices":[],"uagb_featured_image_src":{"full":["https:\/\/denisedaccach.com\/wp-content\/uploads\/2024\/07\/1.1-1-scaled.jpeg",2048,2560,false],"thumbnail":["https:\/\/denisedaccach.com\/wp-content\/uploads\/2024\/07\/1.1-1-150x150.jpeg",150,150,true],"medium":["https:\/\/denisedaccach.com\/wp-content\/uploads\/2024\/07\/1.1-1-240x300.jpeg",240,300,true],"medium_large":["https:\/\/denisedaccach.com\/wp-content\/uploads\/2024\/07\/1.1-1-768x960.jpeg",768,960,true],"large":["https:\/\/denisedaccach.com\/wp-content\/uploads\/2024\/07\/1.1-1-819x1024.jpeg",819,1024,true],"1536x1536":["https:\/\/denisedaccach.com\/wp-content\/uploads\/2024\/07\/1.1-1-1229x1536.jpeg",1229,1536,true],"2048x2048":["https:\/\/denisedaccach.com\/wp-content\/uploads\/2024\/07\/1.1-1-1639x2048.jpeg",1639,2048,true],"trp-custom-language-flag":["https:\/\/denisedaccach.com\/wp-content\/uploads\/2024\/07\/1.1-1-scaled.jpeg",10,12,false],"woocommerce_thumbnail":["https:\/\/denisedaccach.com\/wp-content\/uploads\/2024\/07\/1.1-1-scaled-600x600.jpeg",600,600,true],"woocommerce_single":["https:\/\/denisedaccach.com\/wp-content\/uploads\/2024\/07\/1.1-1-scaled-600x750.jpeg",600,750,true],"woocommerce_gallery_thumbnail":["https:\/\/denisedaccach.com\/wp-content\/uploads\/2024\/07\/1.1-1-scaled-100x100.jpeg",100,100,true]},"uagb_author_info":{"display_name":"denisedaccachjewelry@gmail.com","author_link":"https:\/\/denisedaccach.com\/en\/author\/"},"uagb_comment_info":0,"uagb_excerpt":"Collar anudado de cilindros en lapisl\u00e1zuli de 0.8cm largo por 0.5 ancho, con piezas en circones. Broche en rodio con ba\u00f1o de oro de 24K y circones. Aprox: 45cm L; Extensi\u00f3n: 4cm.","_links":{"self":[{"href":"https:\/\/denisedaccach.com\/en\/wp-json\/wp\/v2\/product\/78","targetHints":{"allow":["GET"]}}],"collection":[{"href":"https:\/\/denisedaccach.com\/en\/wp-json\/wp\/v2\/product"}],"about":[{"href":"https:\/\/denisedaccach.com\/en\/wp-json\/wp\/v2\/types\/product"}],"version-history":[{"count":6,"href":"https:\/\/denisedaccach.com\/en\/wp-json\/wp\/v2\/product\/78\/revisions"}],"predecessor-version":[{"id":2378,"href":"https:\/\/denisedaccach.com\/en\/wp-json\/wp\/v2\/product\/78\/revisions\/2378"}],"wp:featuredmedia":[{"embeddable":true,"href":"https:\/\/denisedaccach.com\/en\/wp-json\/wp\/v2\/media\/80"}],"wp:attachment":[{"href":"https:\/\/denisedaccach.com\/en\/wp-json\/wp\/v2\/media?parent=78"}],"wp:term":[{"taxonomy":"product_brand","embeddable":true,"href":"https:\/\/denisedaccach.com\/en\/wp-json\/wp\/v2\/product_brand?post=78"},{"taxonomy":"product_cat","embeddable":true,"href":"https:\/\/denisedaccach.com\/en\/wp-json\/wp\/v2\/product_cat?post=78"},{"taxonomy":"product_tag","embeddable":true,"href":"https:\/\/denisedaccach.com\/en\/wp-json\/wp\/v2\/product_tag?post=78"}],"curies":[{"name":"wp","href":"https:\/\/api.w.org\/{rel}","templated":true}]}}