{"id":2765,"date":"2024-11-15T13:47:09","date_gmt":"2024-11-15T13:47:09","guid":{"rendered":"https:\/\/denisedaccach.com\/?post_type=product&#038;p=2765"},"modified":"2024-12-13T21:35:05","modified_gmt":"2024-12-13T21:35:05","slug":"grace-necklace","status":"publish","type":"product","link":"https:\/\/denisedaccach.com\/en\/product\/grace-necklace\/","title":{"rendered":"Grace Necklace"},"content":{"rendered":"<p>Shipping<\/p>\n<p>Shipments are made on the third business day after the purchase date. The shipping company may take 2 to 5 business days depending on the destination location.<\/p>","protected":false},"excerpt":{"rendered":"<p>Three-strand necklace made of magenta agate, separated by small gold-plated hematite beads<\/p>\n<p>The middle strand consists of mini Murano beads in the same tone.<\/p>\n<p>Clasp in bronze with gold plating and zircons.<\/p>\n<p>Approx: 42 \u2013 48cm L.<\/p>","protected":false},"featured_media":2936,"template":"","meta":{"_uag_custom_page_level_css":"","_monsterinsights_skip_tracking":false,"_monsterinsights_sitenote_active":false,"_monsterinsights_sitenote_note":"","_monsterinsights_sitenote_category":0,"site-sidebar-layout":"default","site-content-layout":"","ast-site-content-layout":"default","site-content-style":"default","site-sidebar-style":"default","ast-global-header-display":"","ast-banner-title-visibility":"","ast-main-header-display":"","ast-hfb-above-header-display":"","ast-hfb-below-header-display":"","ast-hfb-mobile-header-display":"","site-post-title":"","ast-breadcrumbs-content":"","ast-featured-img":"","footer-sml-layout":"","ast-disable-related-posts":"","theme-transparent-header-meta":"default","adv-header-id-meta":"","stick-header-meta":"","header-above-stick-meta":"","header-main-stick-meta":"","header-below-stick-meta":"","astra-migrate-meta-layouts":"set","ast-page-background-enabled":"default","ast-page-background-meta":{"desktop":{"background-color":"var(--ast-global-color-4)","background-image":"","background-repeat":"repeat","background-position":"center center","background-size":"auto","background-attachment":"scroll","background-type":"","background-media":"","overlay-type":"","overlay-color":"","overlay-opacity":"","overlay-gradient":""},"tablet":{"background-color":"","background-image":"","background-repeat":"repeat","background-position":"center center","background-size":"auto","background-attachment":"scroll","background-type":"","background-media":"","overlay-type":"","overlay-color":"","overlay-opacity":"","overlay-gradient":""},"mobile":{"background-color":"","background-image":"","background-repeat":"repeat","background-position":"center center","background-size":"auto","background-attachment":"scroll","background-type":"","background-media":"","overlay-type":"","overlay-color":"","overlay-opacity":"","overlay-gradient":""}},"ast-content-background-meta":{"desktop":{"background-color":"var(--ast-global-color-5)","background-image":"","background-repeat":"repeat","background-position":"center center","background-size":"auto","background-attachment":"scroll","background-type":"","background-media":"","overlay-type":"","overlay-color":"","overlay-opacity":"","overlay-gradient":""},"tablet":{"background-color":"var(--ast-global-color-5)","background-image":"","background-repeat":"repeat","background-position":"center center","background-size":"auto","background-attachment":"scroll","background-type":"","background-media":"","overlay-type":"","overlay-color":"","overlay-opacity":"","overlay-gradient":""},"mobile":{"background-color":"var(--ast-global-color-5)","background-image":"","background-repeat":"repeat","background-position":"center center","background-size":"auto","background-attachment":"scroll","background-type":"","background-media":"","overlay-type":"","overlay-color":"","overlay-opacity":"","overlay-gradient":""}}},"product_brand":[],"product_cat":[21],"product_tag":[],"class_list":{"0":"post-2765","1":"product","2":"type-product","3":"status-publish","4":"has-post-thumbnail","6":"product_cat-necklaces","7":"desktop-align-center","8":"tablet-align-left","9":"mobile-align-center","11":"first","12":"instock","13":"shipping-taxable","14":"purchasable","15":"product-type-simple"},"aioseo_notices":[],"uagb_featured_image_src":{"full":["https:\/\/denisedaccach.com\/wp-content\/uploads\/2024\/11\/Grace.png",2112,2190,false],"thumbnail":["https:\/\/denisedaccach.com\/wp-content\/uploads\/2024\/11\/Grace-150x150.png",150,150,true],"medium":["https:\/\/denisedaccach.com\/wp-content\/uploads\/2024\/11\/Grace-289x300.png",289,300,true],"medium_large":["https:\/\/denisedaccach.com\/wp-content\/uploads\/2024\/11\/Grace-768x796.png",768,796,true],"large":["https:\/\/denisedaccach.com\/wp-content\/uploads\/2024\/11\/Grace-988x1024.png",988,1024,true],"1536x1536":["https:\/\/denisedaccach.com\/wp-content\/uploads\/2024\/11\/Grace-1481x1536.png",1481,1536,true],"2048x2048":["https:\/\/denisedaccach.com\/wp-content\/uploads\/2024\/11\/Grace-1975x2048.png",1975,2048,true],"trp-custom-language-flag":["https:\/\/denisedaccach.com\/wp-content\/uploads\/2024\/11\/Grace-12x12.png",12,12,true],"woocommerce_thumbnail":["https:\/\/denisedaccach.com\/wp-content\/uploads\/2024\/11\/Grace-600x600.png",600,600,true],"woocommerce_single":["https:\/\/denisedaccach.com\/wp-content\/uploads\/2024\/11\/Grace-600x622.png",600,622,true],"woocommerce_gallery_thumbnail":["https:\/\/denisedaccach.com\/wp-content\/uploads\/2024\/11\/Grace-100x100.png",100,100,true]},"uagb_author_info":{"display_name":"denisedaccachjewelry@gmail.com","author_link":"https:\/\/denisedaccach.com\/en\/author\/"},"uagb_comment_info":0,"uagb_excerpt":"Collar de 3 vueltas en agata Magenta separadas por hematitas peque\u00f1as con ba\u00f1o oro. La vuelta del medio son unas sortas de mini murano del mismo tono. Broche en bronce con ba\u00f1o oro y circones. Aprox: 42 - 48cm L.","_links":{"self":[{"href":"https:\/\/denisedaccach.com\/en\/wp-json\/wp\/v2\/product\/2765","targetHints":{"allow":["GET"]}}],"collection":[{"href":"https:\/\/denisedaccach.com\/en\/wp-json\/wp\/v2\/product"}],"about":[{"href":"https:\/\/denisedaccach.com\/en\/wp-json\/wp\/v2\/types\/product"}],"version-history":[{"count":1,"href":"https:\/\/denisedaccach.com\/en\/wp-json\/wp\/v2\/product\/2765\/revisions"}],"predecessor-version":[{"id":2766,"href":"https:\/\/denisedaccach.com\/en\/wp-json\/wp\/v2\/product\/2765\/revisions\/2766"}],"wp:featuredmedia":[{"embeddable":true,"href":"https:\/\/denisedaccach.com\/en\/wp-json\/wp\/v2\/media\/2936"}],"wp:attachment":[{"href":"https:\/\/denisedaccach.com\/en\/wp-json\/wp\/v2\/media?parent=2765"}],"wp:term":[{"taxonomy":"product_brand","embeddable":true,"href":"https:\/\/denisedaccach.com\/en\/wp-json\/wp\/v2\/product_brand?post=2765"},{"taxonomy":"product_cat","embeddable":true,"href":"https:\/\/denisedaccach.com\/en\/wp-json\/wp\/v2\/product_cat?post=2765"},{"taxonomy":"product_tag","embeddable":true,"href":"https:\/\/denisedaccach.com\/en\/wp-json\/wp\/v2\/product_tag?post=2765"}],"curies":[{"name":"wp","href":"https:\/\/api.w.org\/{rel}","templated":true}]}}