{"id":2555,"date":"2024-11-11T13:44:25","date_gmt":"2024-11-11T13:44:25","guid":{"rendered":"https:\/\/denisedaccach.com\/?post_type=product&#038;p=2555"},"modified":"2025-05-12T20:51:44","modified_gmt":"2025-05-12T20:51:44","slug":"tahira-earrings","status":"publish","type":"product","link":"https:\/\/denisedaccach.com\/en\/product\/tahira-earrings\/","title":{"rendered":"Tahira Earrings"},"content":{"rendered":"<p>Shipping<\/p>\n<p>Shipments are made on the third business day after the purchase date. The shipping company may take 2 to 5 business days depending on the destination location.<\/p>","protected":false},"excerpt":{"rendered":"<p>Baroque pearl earring with 3 zircons and a natural oval stone, featuring a gold rain effect, set in bronze with 24K gold plating.<\/p>\n<p>Measurements: 4cm long and 1.5cm wide.<\/p>\n<p>Se puede volver a pedir Lapisl\u00e1zuli y Lluvia Oro con entrega en 10 d\u00edas h\u00e1biles.<\/p>","protected":false},"featured_media":2572,"template":"","meta":{"_uag_custom_page_level_css":"","_monsterinsights_skip_tracking":false,"_monsterinsights_sitenote_active":false,"_monsterinsights_sitenote_note":"","_monsterinsights_sitenote_category":0,"site-sidebar-layout":"default","site-content-layout":"","ast-site-content-layout":"default","site-content-style":"default","site-sidebar-style":"default","ast-global-header-display":"","ast-banner-title-visibility":"","ast-main-header-display":"","ast-hfb-above-header-display":"","ast-hfb-below-header-display":"","ast-hfb-mobile-header-display":"","site-post-title":"","ast-breadcrumbs-content":"","ast-featured-img":"","footer-sml-layout":"","ast-disable-related-posts":"","theme-transparent-header-meta":"default","adv-header-id-meta":"","stick-header-meta":"","header-above-stick-meta":"","header-main-stick-meta":"","header-below-stick-meta":"","astra-migrate-meta-layouts":"set","ast-page-background-enabled":"default","ast-page-background-meta":{"desktop":{"background-color":"var(--ast-global-color-4)","background-image":"","background-repeat":"repeat","background-position":"center center","background-size":"auto","background-attachment":"scroll","background-type":"","background-media":"","overlay-type":"","overlay-color":"","overlay-opacity":"","overlay-gradient":""},"tablet":{"background-color":"","background-image":"","background-repeat":"repeat","background-position":"center center","background-size":"auto","background-attachment":"scroll","background-type":"","background-media":"","overlay-type":"","overlay-color":"","overlay-opacity":"","overlay-gradient":""},"mobile":{"background-color":"","background-image":"","background-repeat":"repeat","background-position":"center center","background-size":"auto","background-attachment":"scroll","background-type":"","background-media":"","overlay-type":"","overlay-color":"","overlay-opacity":"","overlay-gradient":""}},"ast-content-background-meta":{"desktop":{"background-color":"var(--ast-global-color-5)","background-image":"","background-repeat":"repeat","background-position":"center center","background-size":"auto","background-attachment":"scroll","background-type":"","background-media":"","overlay-type":"","overlay-color":"","overlay-opacity":"","overlay-gradient":""},"tablet":{"background-color":"var(--ast-global-color-5)","background-image":"","background-repeat":"repeat","background-position":"center center","background-size":"auto","background-attachment":"scroll","background-type":"","background-media":"","overlay-type":"","overlay-color":"","overlay-opacity":"","overlay-gradient":""},"mobile":{"background-color":"var(--ast-global-color-5)","background-image":"","background-repeat":"repeat","background-position":"center center","background-size":"auto","background-attachment":"scroll","background-type":"","background-media":"","overlay-type":"","overlay-color":"","overlay-opacity":"","overlay-gradient":""}}},"product_brand":[],"product_cat":[20],"product_tag":[],"class_list":{"0":"post-2555","1":"product","2":"type-product","3":"status-publish","4":"has-post-thumbnail","6":"product_cat-earrings","7":"desktop-align-center","8":"tablet-align-left","9":"mobile-align-center","11":"first","12":"instock","13":"shipping-taxable","14":"purchasable","15":"product-type-variable","16":"wpzoom-wc-spi-has-enabled"},"aioseo_notices":[],"uagb_featured_image_src":{"full":["https:\/\/denisedaccach.com\/wp-content\/uploads\/2024\/11\/DENISE_DACCACH_OCT_22992-scaled.jpg",2560,2560,false],"thumbnail":["https:\/\/denisedaccach.com\/wp-content\/uploads\/2024\/11\/DENISE_DACCACH_OCT_22992-150x150.jpg",150,150,true],"medium":["https:\/\/denisedaccach.com\/wp-content\/uploads\/2024\/11\/DENISE_DACCACH_OCT_22992-300x300.jpg",300,300,true],"medium_large":["https:\/\/denisedaccach.com\/wp-content\/uploads\/2024\/11\/DENISE_DACCACH_OCT_22992-768x768.jpg",768,768,true],"large":["https:\/\/denisedaccach.com\/wp-content\/uploads\/2024\/11\/DENISE_DACCACH_OCT_22992-1024x1024.jpg",1024,1024,true],"1536x1536":["https:\/\/denisedaccach.com\/wp-content\/uploads\/2024\/11\/DENISE_DACCACH_OCT_22992-1536x1536.jpg",1536,1536,true],"2048x2048":["https:\/\/denisedaccach.com\/wp-content\/uploads\/2024\/11\/DENISE_DACCACH_OCT_22992-2048x2048.jpg",2048,2048,true],"trp-custom-language-flag":["https:\/\/denisedaccach.com\/wp-content\/uploads\/2024\/11\/DENISE_DACCACH_OCT_22992-12x12.jpg",12,12,true],"woocommerce_thumbnail":["https:\/\/denisedaccach.com\/wp-content\/uploads\/2024\/11\/DENISE_DACCACH_OCT_22992-scaled-600x600.jpg",600,600,true],"woocommerce_single":["https:\/\/denisedaccach.com\/wp-content\/uploads\/2024\/11\/DENISE_DACCACH_OCT_22992-scaled-600x600.jpg",600,600,true],"woocommerce_gallery_thumbnail":["https:\/\/denisedaccach.com\/wp-content\/uploads\/2024\/11\/DENISE_DACCACH_OCT_22992-scaled-100x100.jpg",100,100,true]},"uagb_author_info":{"display_name":"denisedaccachjewelry@gmail.com","author_link":"https:\/\/denisedaccach.com\/en\/author\/"},"uagb_comment_info":0,"uagb_excerpt":"Arete en perla barroca con 3 circones y una piedra natural ovalada lluvia de oro engastada en bronce con ba\u00f1o oro 24K. Medidas: 4cm de largo y 1.5 de ancho. Se puede volver a pedir Lapisl\u00e1zuli y Lluvia Oro con entrega en 10 d\u00edas h\u00e1biles.","_links":{"self":[{"href":"https:\/\/denisedaccach.com\/en\/wp-json\/wp\/v2\/product\/2555","targetHints":{"allow":["GET"]}}],"collection":[{"href":"https:\/\/denisedaccach.com\/en\/wp-json\/wp\/v2\/product"}],"about":[{"href":"https:\/\/denisedaccach.com\/en\/wp-json\/wp\/v2\/types\/product"}],"version-history":[{"count":4,"href":"https:\/\/denisedaccach.com\/en\/wp-json\/wp\/v2\/product\/2555\/revisions"}],"predecessor-version":[{"id":3130,"href":"https:\/\/denisedaccach.com\/en\/wp-json\/wp\/v2\/product\/2555\/revisions\/3130"}],"wp:featuredmedia":[{"embeddable":true,"href":"https:\/\/denisedaccach.com\/en\/wp-json\/wp\/v2\/media\/2572"}],"wp:attachment":[{"href":"https:\/\/denisedaccach.com\/en\/wp-json\/wp\/v2\/media?parent=2555"}],"wp:term":[{"taxonomy":"product_brand","embeddable":true,"href":"https:\/\/denisedaccach.com\/en\/wp-json\/wp\/v2\/product_brand?post=2555"},{"taxonomy":"product_cat","embeddable":true,"href":"https:\/\/denisedaccach.com\/en\/wp-json\/wp\/v2\/product_cat?post=2555"},{"taxonomy":"product_tag","embeddable":true,"href":"https:\/\/denisedaccach.com\/en\/wp-json\/wp\/v2\/product_tag?post=2555"}],"curies":[{"name":"wp","href":"https:\/\/api.w.org\/{rel}","templated":true}]}}