{"id":2522,"date":"2024-11-11T13:43:21","date_gmt":"2024-11-11T13:43:21","guid":{"rendered":"https:\/\/denisedaccach.com\/?post_type=product&#038;p=2522"},"modified":"2025-12-16T21:27:36","modified_gmt":"2025-12-16T21:27:36","slug":"regina-necklace","status":"publish","type":"product","link":"https:\/\/denisedaccach.com\/en\/product\/regina-necklace\/","title":{"rendered":"Regina Necklace"},"content":{"rendered":"<p>Shipping<\/p>\n<p>Los env\u00edos se hacen al tercer d\u00eda h\u00e1bil despu\u00e9s del d\u00eda de la compra. La compa\u00f1\u00eda transportadora puede tardar desde 2 a 5 d\u00edas h\u00e1biles dependiendo de la ubicaci\u00f3n del destino.<\/p>","protected":false},"excerpt":{"rendered":"<p>Necklace of pastel-colored shell pearls with oval crystals set in bronze with gold plating.<\/p>\n<p>Clasp in bronze with zircons.<\/p>\n<div class=\"woocommerce-product-details__short-description\">\n<p>Approx: 44cm L.<\/p>\n<\/div>\n<p>Crystal measurement: 2cm L; 1cm W.<\/p>\n<p>Se puede volver a pedir con entrega en 10 d\u00edas h\u00e1biles.<\/p>","protected":false},"featured_media":3009,"template":"","meta":{"_uag_custom_page_level_css":"","_monsterinsights_skip_tracking":false,"_monsterinsights_sitenote_active":false,"_monsterinsights_sitenote_note":"","_monsterinsights_sitenote_category":0,"site-sidebar-layout":"default","site-content-layout":"","ast-site-content-layout":"default","site-content-style":"default","site-sidebar-style":"default","ast-global-header-display":"","ast-banner-title-visibility":"","ast-main-header-display":"","ast-hfb-above-header-display":"","ast-hfb-below-header-display":"","ast-hfb-mobile-header-display":"","site-post-title":"","ast-breadcrumbs-content":"","ast-featured-img":"","footer-sml-layout":"","ast-disable-related-posts":"","theme-transparent-header-meta":"default","adv-header-id-meta":"","stick-header-meta":"","header-above-stick-meta":"","header-main-stick-meta":"","header-below-stick-meta":"","astra-migrate-meta-layouts":"set","ast-page-background-enabled":"default","ast-page-background-meta":{"desktop":{"background-color":"var(--ast-global-color-4)","background-image":"","background-repeat":"repeat","background-position":"center center","background-size":"auto","background-attachment":"scroll","background-type":"","background-media":"","overlay-type":"","overlay-color":"","overlay-opacity":"","overlay-gradient":""},"tablet":{"background-color":"","background-image":"","background-repeat":"repeat","background-position":"center center","background-size":"auto","background-attachment":"scroll","background-type":"","background-media":"","overlay-type":"","overlay-color":"","overlay-opacity":"","overlay-gradient":""},"mobile":{"background-color":"","background-image":"","background-repeat":"repeat","background-position":"center center","background-size":"auto","background-attachment":"scroll","background-type":"","background-media":"","overlay-type":"","overlay-color":"","overlay-opacity":"","overlay-gradient":""}},"ast-content-background-meta":{"desktop":{"background-color":"var(--ast-global-color-5)","background-image":"","background-repeat":"repeat","background-position":"center center","background-size":"auto","background-attachment":"scroll","background-type":"","background-media":"","overlay-type":"","overlay-color":"","overlay-opacity":"","overlay-gradient":""},"tablet":{"background-color":"var(--ast-global-color-5)","background-image":"","background-repeat":"repeat","background-position":"center center","background-size":"auto","background-attachment":"scroll","background-type":"","background-media":"","overlay-type":"","overlay-color":"","overlay-opacity":"","overlay-gradient":""},"mobile":{"background-color":"var(--ast-global-color-5)","background-image":"","background-repeat":"repeat","background-position":"center center","background-size":"auto","background-attachment":"scroll","background-type":"","background-media":"","overlay-type":"","overlay-color":"","overlay-opacity":"","overlay-gradient":""}}},"product_brand":[],"product_cat":[21],"product_tag":[],"class_list":{"0":"post-2522","1":"product","2":"type-product","3":"status-publish","4":"has-post-thumbnail","6":"product_cat-necklaces","7":"desktop-align-center","8":"tablet-align-left","9":"mobile-align-center","11":"first","12":"instock","13":"shipping-taxable","14":"purchasable","15":"product-type-simple","16":"wpzoom-wc-spi-has-enabled"},"aioseo_notices":[],"uagb_featured_image_src":{"full":["https:\/\/denisedaccach.com\/wp-content\/uploads\/2024\/11\/Regina.png",1801,1801,false],"thumbnail":["https:\/\/denisedaccach.com\/wp-content\/uploads\/2024\/11\/Regina-150x150.png",150,150,true],"medium":["https:\/\/denisedaccach.com\/wp-content\/uploads\/2024\/11\/Regina-300x300.png",300,300,true],"medium_large":["https:\/\/denisedaccach.com\/wp-content\/uploads\/2024\/11\/Regina-768x768.png",768,768,true],"large":["https:\/\/denisedaccach.com\/wp-content\/uploads\/2024\/11\/Regina-1024x1024.png",1024,1024,true],"1536x1536":["https:\/\/denisedaccach.com\/wp-content\/uploads\/2024\/11\/Regina-1536x1536.png",1536,1536,true],"2048x2048":["https:\/\/denisedaccach.com\/wp-content\/uploads\/2024\/11\/Regina.png",1801,1801,false],"trp-custom-language-flag":["https:\/\/denisedaccach.com\/wp-content\/uploads\/2024\/11\/Regina-12x12.png",12,12,true],"woocommerce_thumbnail":["https:\/\/denisedaccach.com\/wp-content\/uploads\/2024\/11\/Regina-600x600.png",600,600,true],"woocommerce_single":["https:\/\/denisedaccach.com\/wp-content\/uploads\/2024\/11\/Regina-600x600.png",600,600,true],"woocommerce_gallery_thumbnail":["https:\/\/denisedaccach.com\/wp-content\/uploads\/2024\/11\/Regina-100x100.png",100,100,true]},"uagb_author_info":{"display_name":"denisedaccachjewelry@gmail.com","author_link":"https:\/\/denisedaccach.com\/en\/author\/"},"uagb_comment_info":0,"uagb_excerpt":"Collar de perlas shell colroes pastel con cristales ovalados engastados en bronce con ba\u00f1o oro. Broche en bronce con circones. Aprox: 44cm L. Medida cristal: 2cm L; 1cm A. Se puede volver a pedir con entrega en 10 d\u00edas h\u00e1biles.","_links":{"self":[{"href":"https:\/\/denisedaccach.com\/en\/wp-json\/wp\/v2\/product\/2522","targetHints":{"allow":["GET"]}}],"collection":[{"href":"https:\/\/denisedaccach.com\/en\/wp-json\/wp\/v2\/product"}],"about":[{"href":"https:\/\/denisedaccach.com\/en\/wp-json\/wp\/v2\/types\/product"}],"version-history":[{"count":6,"href":"https:\/\/denisedaccach.com\/en\/wp-json\/wp\/v2\/product\/2522\/revisions"}],"predecessor-version":[{"id":3161,"href":"https:\/\/denisedaccach.com\/en\/wp-json\/wp\/v2\/product\/2522\/revisions\/3161"}],"wp:featuredmedia":[{"embeddable":true,"href":"https:\/\/denisedaccach.com\/en\/wp-json\/wp\/v2\/media\/3009"}],"wp:attachment":[{"href":"https:\/\/denisedaccach.com\/en\/wp-json\/wp\/v2\/media?parent=2522"}],"wp:term":[{"taxonomy":"product_brand","embeddable":true,"href":"https:\/\/denisedaccach.com\/en\/wp-json\/wp\/v2\/product_brand?post=2522"},{"taxonomy":"product_cat","embeddable":true,"href":"https:\/\/denisedaccach.com\/en\/wp-json\/wp\/v2\/product_cat?post=2522"},{"taxonomy":"product_tag","embeddable":true,"href":"https:\/\/denisedaccach.com\/en\/wp-json\/wp\/v2\/product_tag?post=2522"}],"curies":[{"name":"wp","href":"https:\/\/api.w.org\/{rel}","templated":true}]}}