{"id":2019,"date":"2024-08-08T17:34:17","date_gmt":"2024-08-08T17:34:17","guid":{"rendered":"https:\/\/denisedaccach.com\/?post_type=product&#038;p=2019"},"modified":"2025-12-16T21:27:36","modified_gmt":"2025-12-16T21:27:36","slug":"sissi-necklace","status":"publish","type":"product","link":"https:\/\/denisedaccach.com\/en\/product\/sissi-necklace\/","title":{"rendered":"Sissi Necklace"},"content":{"rendered":"<p>Shipping<\/p>\n<p>Shipments are made on the third business day after the purchase date. The shipping company may take 2 to 5 business days depending on the destination location.<\/p>","protected":false},"excerpt":{"rendered":"<p>Necklace with 2 cm diameter white baroque coin pearls mounted on a 24K gold-plated bronze base, surrounded by 2 mm mini shell pearls on golf pins, with a 24K gold-plated bronze chain.<\/p>\n<p>Aprox: 49cm L, including the two adjustable chains to fit the required size.<\/p>\n<div class=\"woocommerce-product-details__short-description\">\n<p>It can be reordered with delivery in 10 business days.<\/p>\n<\/div>\n<form class=\"cart\" action=\"https:\/\/denisedaccach.com\/producto\/makena-necklace\/\" enctype=\"multipart\/form-data\" method=\"post\" data-trp-original-action=\"https:\/\/denisedaccach.com\/producto\/makena-necklace\/\">\n<div class=\"quantity buttons_added\"><\/div>\n<input type=\"hidden\" name=\"trp-form-language\" value=\"en\"\/><\/form>","protected":false},"featured_media":1945,"template":"","meta":{"_uag_custom_page_level_css":"","_monsterinsights_skip_tracking":false,"_monsterinsights_sitenote_active":false,"_monsterinsights_sitenote_note":"","_monsterinsights_sitenote_category":0,"site-sidebar-layout":"default","site-content-layout":"","ast-site-content-layout":"default","site-content-style":"default","site-sidebar-style":"default","ast-global-header-display":"","ast-banner-title-visibility":"","ast-main-header-display":"","ast-hfb-above-header-display":"","ast-hfb-below-header-display":"","ast-hfb-mobile-header-display":"","site-post-title":"","ast-breadcrumbs-content":"","ast-featured-img":"","footer-sml-layout":"","ast-disable-related-posts":"","theme-transparent-header-meta":"default","adv-header-id-meta":"","stick-header-meta":"","header-above-stick-meta":"","header-main-stick-meta":"","header-below-stick-meta":"","astra-migrate-meta-layouts":"set","ast-page-background-enabled":"default","ast-page-background-meta":{"desktop":{"background-color":"var(--ast-global-color-4)","background-image":"","background-repeat":"repeat","background-position":"center center","background-size":"auto","background-attachment":"scroll","background-type":"","background-media":"","overlay-type":"","overlay-color":"","overlay-opacity":"","overlay-gradient":""},"tablet":{"background-color":"","background-image":"","background-repeat":"repeat","background-position":"center center","background-size":"auto","background-attachment":"scroll","background-type":"","background-media":"","overlay-type":"","overlay-color":"","overlay-opacity":"","overlay-gradient":""},"mobile":{"background-color":"","background-image":"","background-repeat":"repeat","background-position":"center center","background-size":"auto","background-attachment":"scroll","background-type":"","background-media":"","overlay-type":"","overlay-color":"","overlay-opacity":"","overlay-gradient":""}},"ast-content-background-meta":{"desktop":{"background-color":"var(--ast-global-color-5)","background-image":"","background-repeat":"repeat","background-position":"center center","background-size":"auto","background-attachment":"scroll","background-type":"","background-media":"","overlay-type":"","overlay-color":"","overlay-opacity":"","overlay-gradient":""},"tablet":{"background-color":"var(--ast-global-color-5)","background-image":"","background-repeat":"repeat","background-position":"center center","background-size":"auto","background-attachment":"scroll","background-type":"","background-media":"","overlay-type":"","overlay-color":"","overlay-opacity":"","overlay-gradient":""},"mobile":{"background-color":"var(--ast-global-color-5)","background-image":"","background-repeat":"repeat","background-position":"center center","background-size":"auto","background-attachment":"scroll","background-type":"","background-media":"","overlay-type":"","overlay-color":"","overlay-opacity":"","overlay-gradient":""}}},"product_brand":[],"product_cat":[21],"product_tag":[],"class_list":{"0":"post-2019","1":"product","2":"type-product","3":"status-publish","4":"has-post-thumbnail","6":"product_cat-necklaces","7":"desktop-align-center","8":"tablet-align-left","9":"mobile-align-center","11":"first","12":"instock","13":"shipping-taxable","14":"purchasable","15":"product-type-simple","16":"wpzoom-wc-spi-has-enabled"},"aioseo_notices":[],"uagb_featured_image_src":{"full":["https:\/\/denisedaccach.com\/wp-content\/uploads\/2024\/08\/2484F81B-8170-4AF1-B139-70243BB0FCFC-scaled.jpeg",1631,2560,false],"thumbnail":["https:\/\/denisedaccach.com\/wp-content\/uploads\/2024\/08\/2484F81B-8170-4AF1-B139-70243BB0FCFC-150x150.jpeg",150,150,true],"medium":["https:\/\/denisedaccach.com\/wp-content\/uploads\/2024\/08\/2484F81B-8170-4AF1-B139-70243BB0FCFC-191x300.jpeg",191,300,true],"medium_large":["https:\/\/denisedaccach.com\/wp-content\/uploads\/2024\/08\/2484F81B-8170-4AF1-B139-70243BB0FCFC-768x1206.jpeg",768,1206,true],"large":["https:\/\/denisedaccach.com\/wp-content\/uploads\/2024\/08\/2484F81B-8170-4AF1-B139-70243BB0FCFC-652x1024.jpeg",652,1024,true],"1536x1536":["https:\/\/denisedaccach.com\/wp-content\/uploads\/2024\/08\/2484F81B-8170-4AF1-B139-70243BB0FCFC-978x1536.jpeg",978,1536,true],"2048x2048":["https:\/\/denisedaccach.com\/wp-content\/uploads\/2024\/08\/2484F81B-8170-4AF1-B139-70243BB0FCFC-1305x2048.jpeg",1305,2048,true],"trp-custom-language-flag":["https:\/\/denisedaccach.com\/wp-content\/uploads\/2024\/08\/2484F81B-8170-4AF1-B139-70243BB0FCFC-scaled.jpeg",8,12,false],"woocommerce_thumbnail":["https:\/\/denisedaccach.com\/wp-content\/uploads\/2024\/08\/2484F81B-8170-4AF1-B139-70243BB0FCFC-scaled-600x600.jpeg",600,600,true],"woocommerce_single":["https:\/\/denisedaccach.com\/wp-content\/uploads\/2024\/08\/2484F81B-8170-4AF1-B139-70243BB0FCFC-scaled-600x942.jpeg",600,942,true],"woocommerce_gallery_thumbnail":["https:\/\/denisedaccach.com\/wp-content\/uploads\/2024\/08\/2484F81B-8170-4AF1-B139-70243BB0FCFC-scaled-100x100.jpeg",100,100,true]},"uagb_author_info":{"display_name":"denisedaccachjewelry@gmail.com","author_link":"https:\/\/denisedaccach.com\/en\/author\/"},"uagb_comment_info":0,"uagb_excerpt":"Collar en perlas barroca moneda blanca de 2cm de diametro montadas en una base de bronce con ba\u00f1o oro de 24K y rodeada con mini perlas shell de 2mm en alfileres de golfi, con cadena de bronce con ba\u00f1o oro. Aprox: 49cmL incluida las dos cadeneas adaptables al tama\u00f1o que se requiera. Se puede volver&hellip;","_links":{"self":[{"href":"https:\/\/denisedaccach.com\/en\/wp-json\/wp\/v2\/product\/2019","targetHints":{"allow":["GET"]}}],"collection":[{"href":"https:\/\/denisedaccach.com\/en\/wp-json\/wp\/v2\/product"}],"about":[{"href":"https:\/\/denisedaccach.com\/en\/wp-json\/wp\/v2\/types\/product"}],"version-history":[{"count":7,"href":"https:\/\/denisedaccach.com\/en\/wp-json\/wp\/v2\/product\/2019\/revisions"}],"predecessor-version":[{"id":2798,"href":"https:\/\/denisedaccach.com\/en\/wp-json\/wp\/v2\/product\/2019\/revisions\/2798"}],"wp:featuredmedia":[{"embeddable":true,"href":"https:\/\/denisedaccach.com\/en\/wp-json\/wp\/v2\/media\/1945"}],"wp:attachment":[{"href":"https:\/\/denisedaccach.com\/en\/wp-json\/wp\/v2\/media?parent=2019"}],"wp:term":[{"taxonomy":"product_brand","embeddable":true,"href":"https:\/\/denisedaccach.com\/en\/wp-json\/wp\/v2\/product_brand?post=2019"},{"taxonomy":"product_cat","embeddable":true,"href":"https:\/\/denisedaccach.com\/en\/wp-json\/wp\/v2\/product_cat?post=2019"},{"taxonomy":"product_tag","embeddable":true,"href":"https:\/\/denisedaccach.com\/en\/wp-json\/wp\/v2\/product_tag?post=2019"}],"curies":[{"name":"wp","href":"https:\/\/api.w.org\/{rel}","templated":true}]}}