{"id":1819,"date":"2024-08-06T21:01:25","date_gmt":"2024-08-06T21:01:25","guid":{"rendered":"https:\/\/denisedaccach.com\/?post_type=product&#038;p=1819"},"modified":"2024-12-13T15:02:43","modified_gmt":"2024-12-13T15:02:43","slug":"nayla-necklace","status":"publish","type":"product","link":"https:\/\/denisedaccach.com\/en\/product\/nayla-necklace\/","title":{"rendered":"Nayla Necklace"},"content":{"rendered":"<p>Shipping<\/p>\n<p>Shipments are made on the third business day after the purchase date. The shipping company may take 2 to 5 business days depending on the destination location.<\/p>","protected":false},"excerpt":{"rendered":"<p>Short knotted necklace in white cultured pearls, with two carved yellow jade stones and a yellow agate medallion. The medallion is set in bronze with 24K gold plating and features citrines hanging from the bottom. The medallion measures 8 cm long (including the citrines) and 6.5 cm wide.<\/p>\n<p>Aprox: 40cm L; Extension: 4cm.<\/p>\n<p>There is only one unit of this item. Therefore, it is completely unique and special.<\/p>","protected":false},"featured_media":1789,"template":"","meta":{"_uag_custom_page_level_css":"","_monsterinsights_skip_tracking":false,"_monsterinsights_sitenote_active":false,"_monsterinsights_sitenote_note":"","_monsterinsights_sitenote_category":0,"site-sidebar-layout":"default","site-content-layout":"","ast-site-content-layout":"default","site-content-style":"default","site-sidebar-style":"default","ast-global-header-display":"","ast-banner-title-visibility":"","ast-main-header-display":"","ast-hfb-above-header-display":"","ast-hfb-below-header-display":"","ast-hfb-mobile-header-display":"","site-post-title":"","ast-breadcrumbs-content":"","ast-featured-img":"","footer-sml-layout":"","ast-disable-related-posts":"","theme-transparent-header-meta":"default","adv-header-id-meta":"","stick-header-meta":"","header-above-stick-meta":"","header-main-stick-meta":"","header-below-stick-meta":"","astra-migrate-meta-layouts":"set","ast-page-background-enabled":"default","ast-page-background-meta":{"desktop":{"background-color":"var(--ast-global-color-4)","background-image":"","background-repeat":"repeat","background-position":"center center","background-size":"auto","background-attachment":"scroll","background-type":"","background-media":"","overlay-type":"","overlay-color":"","overlay-opacity":"","overlay-gradient":""},"tablet":{"background-color":"","background-image":"","background-repeat":"repeat","background-position":"center center","background-size":"auto","background-attachment":"scroll","background-type":"","background-media":"","overlay-type":"","overlay-color":"","overlay-opacity":"","overlay-gradient":""},"mobile":{"background-color":"","background-image":"","background-repeat":"repeat","background-position":"center center","background-size":"auto","background-attachment":"scroll","background-type":"","background-media":"","overlay-type":"","overlay-color":"","overlay-opacity":"","overlay-gradient":""}},"ast-content-background-meta":{"desktop":{"background-color":"var(--ast-global-color-5)","background-image":"","background-repeat":"repeat","background-position":"center center","background-size":"auto","background-attachment":"scroll","background-type":"","background-media":"","overlay-type":"","overlay-color":"","overlay-opacity":"","overlay-gradient":""},"tablet":{"background-color":"var(--ast-global-color-5)","background-image":"","background-repeat":"repeat","background-position":"center center","background-size":"auto","background-attachment":"scroll","background-type":"","background-media":"","overlay-type":"","overlay-color":"","overlay-opacity":"","overlay-gradient":""},"mobile":{"background-color":"var(--ast-global-color-5)","background-image":"","background-repeat":"repeat","background-position":"center center","background-size":"auto","background-attachment":"scroll","background-type":"","background-media":"","overlay-type":"","overlay-color":"","overlay-opacity":"","overlay-gradient":""}}},"product_brand":[],"product_cat":[21],"product_tag":[],"class_list":{"0":"post-1819","1":"product","2":"type-product","3":"status-publish","4":"has-post-thumbnail","6":"product_cat-necklaces","7":"desktop-align-center","8":"tablet-align-left","9":"mobile-align-center","11":"first","12":"instock","13":"shipping-taxable","14":"purchasable","15":"product-type-simple","16":"wpzoom-wc-spi-has-enabled"},"aioseo_notices":[],"uagb_featured_image_src":{"full":["https:\/\/denisedaccach.com\/wp-content\/uploads\/2024\/08\/5323C16D-6B7B-4CDB-9313-DC76A98CE7EC-scaled.jpeg",2096,2560,false],"thumbnail":["https:\/\/denisedaccach.com\/wp-content\/uploads\/2024\/08\/5323C16D-6B7B-4CDB-9313-DC76A98CE7EC-scaled.jpeg",123,150,false],"medium":["https:\/\/denisedaccach.com\/wp-content\/uploads\/2024\/08\/5323C16D-6B7B-4CDB-9313-DC76A98CE7EC-scaled.jpeg",246,300,false],"medium_large":["https:\/\/denisedaccach.com\/wp-content\/uploads\/2024\/08\/5323C16D-6B7B-4CDB-9313-DC76A98CE7EC-scaled.jpeg",768,938,false],"large":["https:\/\/denisedaccach.com\/wp-content\/uploads\/2024\/08\/5323C16D-6B7B-4CDB-9313-DC76A98CE7EC-scaled.jpeg",838,1024,false],"1536x1536":["https:\/\/denisedaccach.com\/wp-content\/uploads\/2024\/08\/5323C16D-6B7B-4CDB-9313-DC76A98CE7EC-scaled.jpeg",1258,1536,false],"2048x2048":["https:\/\/denisedaccach.com\/wp-content\/uploads\/2024\/08\/5323C16D-6B7B-4CDB-9313-DC76A98CE7EC-scaled.jpeg",1677,2048,false],"trp-custom-language-flag":["https:\/\/denisedaccach.com\/wp-content\/uploads\/2024\/08\/5323C16D-6B7B-4CDB-9313-DC76A98CE7EC-scaled.jpeg",10,12,false],"woocommerce_thumbnail":["https:\/\/denisedaccach.com\/wp-content\/uploads\/2024\/08\/5323C16D-6B7B-4CDB-9313-DC76A98CE7EC-scaled-600x600.jpeg",600,600,true],"woocommerce_single":["https:\/\/denisedaccach.com\/wp-content\/uploads\/2024\/08\/5323C16D-6B7B-4CDB-9313-DC76A98CE7EC-scaled-600x733.jpeg",600,733,true],"woocommerce_gallery_thumbnail":["https:\/\/denisedaccach.com\/wp-content\/uploads\/2024\/08\/5323C16D-6B7B-4CDB-9313-DC76A98CE7EC-scaled-100x100.jpeg",100,100,true]},"uagb_author_info":{"display_name":"denisedaccachjewelry@gmail.com","author_link":"https:\/\/denisedaccach.com\/en\/author\/"},"uagb_comment_info":0,"uagb_excerpt":"Collar corto anudado en perlas blancas cultivadas, con dos piedras de jade amarillo tallado y un medall\u00f3n de \u00e1gata amarilla. El medall\u00f3n est\u00e1 montado sobre bronce con ba\u00f1o de oro de 24K y cuenta con citrinos colgando en la parte inferior. El medall\u00f3n mide 8 cm de largo (incluyendo los citrinos) y 6.5 cm de&hellip;","_links":{"self":[{"href":"https:\/\/denisedaccach.com\/en\/wp-json\/wp\/v2\/product\/1819","targetHints":{"allow":["GET"]}}],"collection":[{"href":"https:\/\/denisedaccach.com\/en\/wp-json\/wp\/v2\/product"}],"about":[{"href":"https:\/\/denisedaccach.com\/en\/wp-json\/wp\/v2\/types\/product"}],"version-history":[{"count":6,"href":"https:\/\/denisedaccach.com\/en\/wp-json\/wp\/v2\/product\/1819\/revisions"}],"predecessor-version":[{"id":2332,"href":"https:\/\/denisedaccach.com\/en\/wp-json\/wp\/v2\/product\/1819\/revisions\/2332"}],"wp:featuredmedia":[{"embeddable":true,"href":"https:\/\/denisedaccach.com\/en\/wp-json\/wp\/v2\/media\/1789"}],"wp:attachment":[{"href":"https:\/\/denisedaccach.com\/en\/wp-json\/wp\/v2\/media?parent=1819"}],"wp:term":[{"taxonomy":"product_brand","embeddable":true,"href":"https:\/\/denisedaccach.com\/en\/wp-json\/wp\/v2\/product_brand?post=1819"},{"taxonomy":"product_cat","embeddable":true,"href":"https:\/\/denisedaccach.com\/en\/wp-json\/wp\/v2\/product_cat?post=1819"},{"taxonomy":"product_tag","embeddable":true,"href":"https:\/\/denisedaccach.com\/en\/wp-json\/wp\/v2\/product_tag?post=1819"}],"curies":[{"name":"wp","href":"https:\/\/api.w.org\/{rel}","templated":true}]}}