{"id":1800,"date":"2024-08-06T19:47:40","date_gmt":"2024-08-06T19:47:40","guid":{"rendered":"https:\/\/denisedaccach.com\/?post_type=product&#038;p=1800"},"modified":"2024-12-13T15:03:07","modified_gmt":"2024-12-13T15:03:07","slug":"sophia-necklace","status":"publish","type":"product","link":"https:\/\/denisedaccach.com\/en\/product\/sophia-necklace\/","title":{"rendered":"Sophia Necklace"},"content":{"rendered":"<p>Shipping<\/p>\n<p>Shipments are made on the third business day after the purchase date. The shipping company may take 2 to 5 business days depending on the destination location.<\/p>","protected":false},"excerpt":{"rendered":"<p>Three-strand knotted necklace in taupe cultured pearls with bronze pieces featuring 24K gold plating and champagne-colored baguette zircons.<\/p>\n<p>Rhodium clasp with 24K gold plating and zircons.<\/p>\n<p>Aprox: 44cm L; Extension: 3.5cm.<\/p>\n<p>There is only one unit of this item. Therefore, it is completely unique and special.<\/p>","protected":false},"featured_media":1798,"template":"","meta":{"_uag_custom_page_level_css":"","_monsterinsights_skip_tracking":false,"_monsterinsights_sitenote_active":false,"_monsterinsights_sitenote_note":"","_monsterinsights_sitenote_category":0,"site-sidebar-layout":"default","site-content-layout":"","ast-site-content-layout":"default","site-content-style":"default","site-sidebar-style":"default","ast-global-header-display":"","ast-banner-title-visibility":"","ast-main-header-display":"","ast-hfb-above-header-display":"","ast-hfb-below-header-display":"","ast-hfb-mobile-header-display":"","site-post-title":"","ast-breadcrumbs-content":"","ast-featured-img":"","footer-sml-layout":"","ast-disable-related-posts":"","theme-transparent-header-meta":"default","adv-header-id-meta":"","stick-header-meta":"","header-above-stick-meta":"","header-main-stick-meta":"","header-below-stick-meta":"","astra-migrate-meta-layouts":"set","ast-page-background-enabled":"default","ast-page-background-meta":{"desktop":{"background-color":"var(--ast-global-color-4)","background-image":"","background-repeat":"repeat","background-position":"center center","background-size":"auto","background-attachment":"scroll","background-type":"","background-media":"","overlay-type":"","overlay-color":"","overlay-opacity":"","overlay-gradient":""},"tablet":{"background-color":"","background-image":"","background-repeat":"repeat","background-position":"center center","background-size":"auto","background-attachment":"scroll","background-type":"","background-media":"","overlay-type":"","overlay-color":"","overlay-opacity":"","overlay-gradient":""},"mobile":{"background-color":"","background-image":"","background-repeat":"repeat","background-position":"center center","background-size":"auto","background-attachment":"scroll","background-type":"","background-media":"","overlay-type":"","overlay-color":"","overlay-opacity":"","overlay-gradient":""}},"ast-content-background-meta":{"desktop":{"background-color":"var(--ast-global-color-5)","background-image":"","background-repeat":"repeat","background-position":"center center","background-size":"auto","background-attachment":"scroll","background-type":"","background-media":"","overlay-type":"","overlay-color":"","overlay-opacity":"","overlay-gradient":""},"tablet":{"background-color":"var(--ast-global-color-5)","background-image":"","background-repeat":"repeat","background-position":"center center","background-size":"auto","background-attachment":"scroll","background-type":"","background-media":"","overlay-type":"","overlay-color":"","overlay-opacity":"","overlay-gradient":""},"mobile":{"background-color":"var(--ast-global-color-5)","background-image":"","background-repeat":"repeat","background-position":"center center","background-size":"auto","background-attachment":"scroll","background-type":"","background-media":"","overlay-type":"","overlay-color":"","overlay-opacity":"","overlay-gradient":""}}},"product_brand":[],"product_cat":[21],"product_tag":[],"class_list":{"0":"post-1800","1":"product","2":"type-product","3":"status-publish","4":"has-post-thumbnail","6":"product_cat-necklaces","7":"desktop-align-center","8":"tablet-align-left","9":"mobile-align-center","11":"first","12":"instock","13":"shipping-taxable","14":"purchasable","15":"product-type-simple","16":"wpzoom-wc-spi-has-enabled"},"aioseo_notices":[],"uagb_featured_image_src":{"full":["https:\/\/denisedaccach.com\/wp-content\/uploads\/2024\/08\/979D145E-EB1E-4742-81E0-98ED8E2D9F0A-scaled.jpeg",1693,2560,false],"thumbnail":["https:\/\/denisedaccach.com\/wp-content\/uploads\/2024\/08\/979D145E-EB1E-4742-81E0-98ED8E2D9F0A-scaled.jpeg",99,150,false],"medium":["https:\/\/denisedaccach.com\/wp-content\/uploads\/2024\/08\/979D145E-EB1E-4742-81E0-98ED8E2D9F0A-scaled.jpeg",198,300,false],"medium_large":["https:\/\/denisedaccach.com\/wp-content\/uploads\/2024\/08\/979D145E-EB1E-4742-81E0-98ED8E2D9F0A-scaled.jpeg",768,1161,false],"large":["https:\/\/denisedaccach.com\/wp-content\/uploads\/2024\/08\/979D145E-EB1E-4742-81E0-98ED8E2D9F0A-scaled.jpeg",677,1024,false],"1536x1536":["https:\/\/denisedaccach.com\/wp-content\/uploads\/2024\/08\/979D145E-EB1E-4742-81E0-98ED8E2D9F0A-scaled.jpeg",1016,1536,false],"2048x2048":["https:\/\/denisedaccach.com\/wp-content\/uploads\/2024\/08\/979D145E-EB1E-4742-81E0-98ED8E2D9F0A-scaled.jpeg",1354,2048,false],"trp-custom-language-flag":["https:\/\/denisedaccach.com\/wp-content\/uploads\/2024\/08\/979D145E-EB1E-4742-81E0-98ED8E2D9F0A-scaled.jpeg",8,12,false],"woocommerce_thumbnail":["https:\/\/denisedaccach.com\/wp-content\/uploads\/2024\/08\/979D145E-EB1E-4742-81E0-98ED8E2D9F0A-scaled-600x600.jpeg",600,600,true],"woocommerce_single":["https:\/\/denisedaccach.com\/wp-content\/uploads\/2024\/08\/979D145E-EB1E-4742-81E0-98ED8E2D9F0A-scaled-600x907.jpeg",600,907,true],"woocommerce_gallery_thumbnail":["https:\/\/denisedaccach.com\/wp-content\/uploads\/2024\/08\/979D145E-EB1E-4742-81E0-98ED8E2D9F0A-scaled-100x100.jpeg",100,100,true]},"uagb_author_info":{"display_name":"denisedaccachjewelry@gmail.com","author_link":"https:\/\/denisedaccach.com\/en\/author\/"},"uagb_comment_info":0,"uagb_excerpt":"Collar de 3 vueltas anudado en perlas cultivadas color taupe y piezas en bronce con ba\u00f1o de oro 24K de circones baguette en color champa\u00f1a. Broche en rodium con ba\u00f1o de oro 24K y circones. Aprox: 44cm L; Extensi\u00f3n: 3.5cm. Solo existe una unidad de esta referencia. Por lo tanto es completamente \u00fanica y especial.","_links":{"self":[{"href":"https:\/\/denisedaccach.com\/en\/wp-json\/wp\/v2\/product\/1800","targetHints":{"allow":["GET"]}}],"collection":[{"href":"https:\/\/denisedaccach.com\/en\/wp-json\/wp\/v2\/product"}],"about":[{"href":"https:\/\/denisedaccach.com\/en\/wp-json\/wp\/v2\/types\/product"}],"version-history":[{"count":6,"href":"https:\/\/denisedaccach.com\/en\/wp-json\/wp\/v2\/product\/1800\/revisions"}],"predecessor-version":[{"id":2340,"href":"https:\/\/denisedaccach.com\/en\/wp-json\/wp\/v2\/product\/1800\/revisions\/2340"}],"wp:featuredmedia":[{"embeddable":true,"href":"https:\/\/denisedaccach.com\/en\/wp-json\/wp\/v2\/media\/1798"}],"wp:attachment":[{"href":"https:\/\/denisedaccach.com\/en\/wp-json\/wp\/v2\/media?parent=1800"}],"wp:term":[{"taxonomy":"product_brand","embeddable":true,"href":"https:\/\/denisedaccach.com\/en\/wp-json\/wp\/v2\/product_brand?post=1800"},{"taxonomy":"product_cat","embeddable":true,"href":"https:\/\/denisedaccach.com\/en\/wp-json\/wp\/v2\/product_cat?post=1800"},{"taxonomy":"product_tag","embeddable":true,"href":"https:\/\/denisedaccach.com\/en\/wp-json\/wp\/v2\/product_tag?post=1800"}],"curies":[{"name":"wp","href":"https:\/\/api.w.org\/{rel}","templated":true}]}}