{"id":1584,"date":"2024-08-05T16:45:01","date_gmt":"2024-08-05T16:45:01","guid":{"rendered":"https:\/\/denisedaccach.com\/?post_type=product&#038;p=1584"},"modified":"2025-12-16T21:27:36","modified_gmt":"2025-12-16T21:27:36","slug":"marcelle-necklace","status":"publish","type":"product","link":"https:\/\/denisedaccach.com\/en\/product\/marcelle-necklace\/","title":{"rendered":"Marcelle Necklace"},"content":{"rendered":"<p>Shipping<\/p>\n<p>Shipments are made on the third business day after the purchase date. The shipping company may take 2 to 5 business days depending on the destination location.<\/p>","protected":false},"excerpt":{"rendered":"<p>Knotted necklace with white cultured pearls and 2 cm long white crystal teardrops.<\/p>\n<p>Knotted necklace with golden cultured pearls and 2 cm long champagne crystal teardrops.<\/p>\n<p>Rhodium clasp plated in 24K gold with zircons.<\/p>\n<p>Aprox: 40cm L; Extension: 4cm.<\/p>\n<p>Se puede volver a pedir con entrega en 10 d\u00edas h\u00e1biles.<\/p>","protected":false},"featured_media":1580,"template":"","meta":{"_uag_custom_page_level_css":"","_monsterinsights_skip_tracking":false,"_monsterinsights_sitenote_active":false,"_monsterinsights_sitenote_note":"","_monsterinsights_sitenote_category":0,"site-sidebar-layout":"default","site-content-layout":"","ast-site-content-layout":"default","site-content-style":"default","site-sidebar-style":"default","ast-global-header-display":"","ast-banner-title-visibility":"","ast-main-header-display":"","ast-hfb-above-header-display":"","ast-hfb-below-header-display":"","ast-hfb-mobile-header-display":"","site-post-title":"","ast-breadcrumbs-content":"","ast-featured-img":"","footer-sml-layout":"","ast-disable-related-posts":"","theme-transparent-header-meta":"default","adv-header-id-meta":"","stick-header-meta":"","header-above-stick-meta":"","header-main-stick-meta":"","header-below-stick-meta":"","astra-migrate-meta-layouts":"set","ast-page-background-enabled":"default","ast-page-background-meta":{"desktop":{"background-color":"var(--ast-global-color-4)","background-image":"","background-repeat":"repeat","background-position":"center center","background-size":"auto","background-attachment":"scroll","background-type":"","background-media":"","overlay-type":"","overlay-color":"","overlay-opacity":"","overlay-gradient":""},"tablet":{"background-color":"","background-image":"","background-repeat":"repeat","background-position":"center center","background-size":"auto","background-attachment":"scroll","background-type":"","background-media":"","overlay-type":"","overlay-color":"","overlay-opacity":"","overlay-gradient":""},"mobile":{"background-color":"","background-image":"","background-repeat":"repeat","background-position":"center center","background-size":"auto","background-attachment":"scroll","background-type":"","background-media":"","overlay-type":"","overlay-color":"","overlay-opacity":"","overlay-gradient":""}},"ast-content-background-meta":{"desktop":{"background-color":"var(--ast-global-color-5)","background-image":"","background-repeat":"repeat","background-position":"center center","background-size":"auto","background-attachment":"scroll","background-type":"","background-media":"","overlay-type":"","overlay-color":"","overlay-opacity":"","overlay-gradient":""},"tablet":{"background-color":"var(--ast-global-color-5)","background-image":"","background-repeat":"repeat","background-position":"center center","background-size":"auto","background-attachment":"scroll","background-type":"","background-media":"","overlay-type":"","overlay-color":"","overlay-opacity":"","overlay-gradient":""},"mobile":{"background-color":"var(--ast-global-color-5)","background-image":"","background-repeat":"repeat","background-position":"center center","background-size":"auto","background-attachment":"scroll","background-type":"","background-media":"","overlay-type":"","overlay-color":"","overlay-opacity":"","overlay-gradient":""}}},"product_brand":[],"product_cat":[21],"product_tag":[],"class_list":{"0":"post-1584","1":"product","2":"type-product","3":"status-publish","4":"has-post-thumbnail","6":"product_cat-necklaces","7":"desktop-align-center","8":"tablet-align-left","9":"mobile-align-center","11":"first","12":"instock","13":"shipping-taxable","14":"purchasable","15":"product-type-variable","16":"wpzoom-wc-spi-has-enabled"},"aioseo_notices":[],"uagb_featured_image_src":{"full":["https:\/\/denisedaccach.com\/wp-content\/uploads\/2024\/08\/collar-2.4-scaled.jpeg",1815,2560,false],"thumbnail":["https:\/\/denisedaccach.com\/wp-content\/uploads\/2024\/08\/collar-2.4-150x150.jpeg",150,150,true],"medium":["https:\/\/denisedaccach.com\/wp-content\/uploads\/2024\/08\/collar-2.4-213x300.jpeg",213,300,true],"medium_large":["https:\/\/denisedaccach.com\/wp-content\/uploads\/2024\/08\/collar-2.4-768x1083.jpeg",768,1083,true],"large":["https:\/\/denisedaccach.com\/wp-content\/uploads\/2024\/08\/collar-2.4-726x1024.jpeg",726,1024,true],"1536x1536":["https:\/\/denisedaccach.com\/wp-content\/uploads\/2024\/08\/collar-2.4-1089x1536.jpeg",1089,1536,true],"2048x2048":["https:\/\/denisedaccach.com\/wp-content\/uploads\/2024\/08\/collar-2.4-1452x2048.jpeg",1452,2048,true],"trp-custom-language-flag":["https:\/\/denisedaccach.com\/wp-content\/uploads\/2024\/08\/collar-2.4-scaled.jpeg",9,12,false],"woocommerce_thumbnail":["https:\/\/denisedaccach.com\/wp-content\/uploads\/2024\/08\/collar-2.4-scaled-600x600.jpeg",600,600,true],"woocommerce_single":["https:\/\/denisedaccach.com\/wp-content\/uploads\/2024\/08\/collar-2.4-scaled-600x846.jpeg",600,846,true],"woocommerce_gallery_thumbnail":["https:\/\/denisedaccach.com\/wp-content\/uploads\/2024\/08\/collar-2.4-scaled-100x100.jpeg",100,100,true]},"uagb_author_info":{"display_name":"denisedaccachjewelry@gmail.com","author_link":"https:\/\/denisedaccach.com\/en\/author\/"},"uagb_comment_info":0,"uagb_excerpt":"Collar anudado en perlas blancas cultivadas y l\u00e1grimas de cristal blanco de 2 cm de largo. Collar anudado en perlas doradas cultivadas y l\u00e1grimas de cristal champa\u00f1a de 2cm de largo. Broche en rodio con ba\u00f1o oro de 24K y circones. Aprox: 40cm L; Extensi\u00f3n: 4cm. Se puede volver a pedir con entrega en 10&hellip;","_links":{"self":[{"href":"https:\/\/denisedaccach.com\/en\/wp-json\/wp\/v2\/product\/1584","targetHints":{"allow":["GET"]}}],"collection":[{"href":"https:\/\/denisedaccach.com\/en\/wp-json\/wp\/v2\/product"}],"about":[{"href":"https:\/\/denisedaccach.com\/en\/wp-json\/wp\/v2\/types\/product"}],"version-history":[{"count":10,"href":"https:\/\/denisedaccach.com\/en\/wp-json\/wp\/v2\/product\/1584\/revisions"}],"predecessor-version":[{"id":3163,"href":"https:\/\/denisedaccach.com\/en\/wp-json\/wp\/v2\/product\/1584\/revisions\/3163"}],"wp:featuredmedia":[{"embeddable":true,"href":"https:\/\/denisedaccach.com\/en\/wp-json\/wp\/v2\/media\/1580"}],"wp:attachment":[{"href":"https:\/\/denisedaccach.com\/en\/wp-json\/wp\/v2\/media?parent=1584"}],"wp:term":[{"taxonomy":"product_brand","embeddable":true,"href":"https:\/\/denisedaccach.com\/en\/wp-json\/wp\/v2\/product_brand?post=1584"},{"taxonomy":"product_cat","embeddable":true,"href":"https:\/\/denisedaccach.com\/en\/wp-json\/wp\/v2\/product_cat?post=1584"},{"taxonomy":"product_tag","embeddable":true,"href":"https:\/\/denisedaccach.com\/en\/wp-json\/wp\/v2\/product_tag?post=1584"}],"curies":[{"name":"wp","href":"https:\/\/api.w.org\/{rel}","templated":true}]}}