{"id":1026,"date":"2024-08-02T16:38:32","date_gmt":"2024-08-02T16:38:32","guid":{"rendered":"https:\/\/denisedaccach.com\/?post_type=product&#038;p=1026"},"modified":"2025-04-13T22:00:45","modified_gmt":"2025-04-13T22:00:45","slug":"fadia-earrings","status":"publish","type":"product","link":"https:\/\/denisedaccach.com\/en\/product\/fadia-earrings\/","title":{"rendered":"Fadia Earrings"},"content":{"rendered":"<p>Shipping<\/p>\n<p>Los env\u00edos se hacen al tercer d\u00eda h\u00e1bil despu\u00e9s del d\u00eda de la compra. La compa\u00f1\u00eda transportadora puede tardar desde 2 a 5 d\u00edas h\u00e1biles dependiendo de la ubicaci\u00f3n del destino.<\/p>","protected":false},"excerpt":{"rendered":"<p>Bronze earrings with 24K gold plating, featuring a 10 mm shell pearl and amethyst and aquamarine zircon.<\/p>\n<p>Measurements: 7 cm long and a hoop with a 3 cm diameter.<\/p>\n<div class=\"woocommerce-product-details__short-description\">\n<p>Se puede volver a pedir Lila con entrega en 10 d\u00edas h\u00e1biles.<\/p>\n<\/div>","protected":false},"featured_media":1028,"template":"","meta":{"_uag_custom_page_level_css":"","_monsterinsights_skip_tracking":false,"_monsterinsights_sitenote_active":false,"_monsterinsights_sitenote_note":"","_monsterinsights_sitenote_category":0,"site-sidebar-layout":"default","site-content-layout":"","ast-site-content-layout":"default","site-content-style":"default","site-sidebar-style":"default","ast-global-header-display":"","ast-banner-title-visibility":"","ast-main-header-display":"","ast-hfb-above-header-display":"","ast-hfb-below-header-display":"","ast-hfb-mobile-header-display":"","site-post-title":"","ast-breadcrumbs-content":"","ast-featured-img":"","footer-sml-layout":"","ast-disable-related-posts":"","theme-transparent-header-meta":"default","adv-header-id-meta":"","stick-header-meta":"","header-above-stick-meta":"","header-main-stick-meta":"","header-below-stick-meta":"","astra-migrate-meta-layouts":"set","ast-page-background-enabled":"default","ast-page-background-meta":{"desktop":{"background-color":"var(--ast-global-color-4)","background-image":"","background-repeat":"repeat","background-position":"center center","background-size":"auto","background-attachment":"scroll","background-type":"","background-media":"","overlay-type":"","overlay-color":"","overlay-opacity":"","overlay-gradient":""},"tablet":{"background-color":"","background-image":"","background-repeat":"repeat","background-position":"center center","background-size":"auto","background-attachment":"scroll","background-type":"","background-media":"","overlay-type":"","overlay-color":"","overlay-opacity":"","overlay-gradient":""},"mobile":{"background-color":"","background-image":"","background-repeat":"repeat","background-position":"center center","background-size":"auto","background-attachment":"scroll","background-type":"","background-media":"","overlay-type":"","overlay-color":"","overlay-opacity":"","overlay-gradient":""}},"ast-content-background-meta":{"desktop":{"background-color":"var(--ast-global-color-5)","background-image":"","background-repeat":"repeat","background-position":"center center","background-size":"auto","background-attachment":"scroll","background-type":"","background-media":"","overlay-type":"","overlay-color":"","overlay-opacity":"","overlay-gradient":""},"tablet":{"background-color":"var(--ast-global-color-5)","background-image":"","background-repeat":"repeat","background-position":"center center","background-size":"auto","background-attachment":"scroll","background-type":"","background-media":"","overlay-type":"","overlay-color":"","overlay-opacity":"","overlay-gradient":""},"mobile":{"background-color":"var(--ast-global-color-5)","background-image":"","background-repeat":"repeat","background-position":"center center","background-size":"auto","background-attachment":"scroll","background-type":"","background-media":"","overlay-type":"","overlay-color":"","overlay-opacity":"","overlay-gradient":""}}},"product_brand":[],"product_cat":[20],"product_tag":[],"class_list":{"0":"post-1026","1":"product","2":"type-product","3":"status-publish","4":"has-post-thumbnail","6":"product_cat-earrings","7":"desktop-align-center","8":"tablet-align-left","9":"mobile-align-center","11":"first","12":"instock","13":"shipping-taxable","14":"purchasable","15":"product-type-variable","16":"wpzoom-wc-spi-has-enabled"},"aioseo_notices":[],"uagb_featured_image_src":{"full":["https:\/\/denisedaccach.com\/wp-content\/uploads\/2024\/08\/Silueta-06.png",2111,2594,false],"thumbnail":["https:\/\/denisedaccach.com\/wp-content\/uploads\/2024\/08\/Silueta-06-150x150.png",150,150,true],"medium":["https:\/\/denisedaccach.com\/wp-content\/uploads\/2024\/08\/Silueta-06-244x300.png",244,300,true],"medium_large":["https:\/\/denisedaccach.com\/wp-content\/uploads\/2024\/08\/Silueta-06-768x944.png",768,944,true],"large":["https:\/\/denisedaccach.com\/wp-content\/uploads\/2024\/08\/Silueta-06-833x1024.png",833,1024,true],"1536x1536":["https:\/\/denisedaccach.com\/wp-content\/uploads\/2024\/08\/Silueta-06-1250x1536.png",1250,1536,true],"2048x2048":["https:\/\/denisedaccach.com\/wp-content\/uploads\/2024\/08\/Silueta-06-1667x2048.png",1667,2048,true],"trp-custom-language-flag":["https:\/\/denisedaccach.com\/wp-content\/uploads\/2024\/08\/Silueta-06.png",10,12,false],"woocommerce_thumbnail":["https:\/\/denisedaccach.com\/wp-content\/uploads\/2024\/08\/Silueta-06-600x600.png",600,600,true],"woocommerce_single":["https:\/\/denisedaccach.com\/wp-content\/uploads\/2024\/08\/Silueta-06-600x737.png",600,737,true],"woocommerce_gallery_thumbnail":["https:\/\/denisedaccach.com\/wp-content\/uploads\/2024\/08\/Silueta-06-100x100.png",100,100,true]},"uagb_author_info":{"display_name":"denisedaccachjewelry@gmail.com","author_link":"https:\/\/denisedaccach.com\/en\/author\/"},"uagb_comment_info":0,"uagb_excerpt":"Aretes en bronce con ba\u00f1o de oro de 24K, perla shell de 10 mm y circon morada y aguamarina. Medidas: 7cm de largo y aro de 3cm de diametro. Se puede volver a pedir Lila con entrega en 10 d\u00edas h\u00e1biles.","_links":{"self":[{"href":"https:\/\/denisedaccach.com\/en\/wp-json\/wp\/v2\/product\/1026","targetHints":{"allow":["GET"]}}],"collection":[{"href":"https:\/\/denisedaccach.com\/en\/wp-json\/wp\/v2\/product"}],"about":[{"href":"https:\/\/denisedaccach.com\/en\/wp-json\/wp\/v2\/types\/product"}],"version-history":[{"count":8,"href":"https:\/\/denisedaccach.com\/en\/wp-json\/wp\/v2\/product\/1026\/revisions"}],"predecessor-version":[{"id":2501,"href":"https:\/\/denisedaccach.com\/en\/wp-json\/wp\/v2\/product\/1026\/revisions\/2501"}],"wp:featuredmedia":[{"embeddable":true,"href":"https:\/\/denisedaccach.com\/en\/wp-json\/wp\/v2\/media\/1028"}],"wp:attachment":[{"href":"https:\/\/denisedaccach.com\/en\/wp-json\/wp\/v2\/media?parent=1026"}],"wp:term":[{"taxonomy":"product_brand","embeddable":true,"href":"https:\/\/denisedaccach.com\/en\/wp-json\/wp\/v2\/product_brand?post=1026"},{"taxonomy":"product_cat","embeddable":true,"href":"https:\/\/denisedaccach.com\/en\/wp-json\/wp\/v2\/product_cat?post=1026"},{"taxonomy":"product_tag","embeddable":true,"href":"https:\/\/denisedaccach.com\/en\/wp-json\/wp\/v2\/product_tag?post=1026"}],"curies":[{"name":"wp","href":"https:\/\/api.w.org\/{rel}","templated":true}]}}