{"id":1406,"date":"2024-08-04T18:48:43","date_gmt":"2024-08-04T18:48:43","guid":{"rendered":"https:\/\/denisedaccach.com\/?page_id=1406"},"modified":"2024-08-14T20:36:04","modified_gmt":"2024-08-14T20:36:04","slug":"sobre-nosotros","status":"publish","type":"page","link":"https:\/\/denisedaccach.com\/en\/sobre-nosotros\/","title":{"rendered":"ABOUT US"},"content":{"rendered":"<div data-elementor-type=\"wp-page\" data-elementor-id=\"1406\" class=\"elementor elementor-1406\">\n\t\t\t\t<div class=\"elementor-element elementor-element-y2tiora e-flex e-con-boxed e-con e-parent\" data-id=\"y2tiora\" data-element_type=\"container\" data-e-type=\"container\" data-settings=\"{&quot;background_background&quot;:&quot;classic&quot;}\">\n\t\t\t\t\t<div class=\"e-con-inner\">\n\t\t<div class=\"elementor-element elementor-element-0502d81 e-con-full e-flex e-con e-child\" data-id=\"0502d81\" data-element_type=\"container\" data-e-type=\"container\">\n\t\t\t\t<div class=\"elementor-element elementor-element-03d202b elementor-widget elementor-widget-heading\" data-id=\"03d202b\" data-element_type=\"widget\" data-e-type=\"widget\" data-widget_type=\"heading.default\">\n\t\t\t\t<div class=\"elementor-widget-container\">\n\t\t\t\t\t<h1 class=\"elementor-heading-title elementor-size-default\"><br>ABOUT US<\/h1>\t\t\t\t<\/div>\n\t\t\t\t<\/div>\n\t\t\t\t<\/div>\n\t\t\t\t\t<\/div>\n\t\t\t\t<\/div>\n\t\t\t\t<section class=\"elementor-section elementor-top-section elementor-element elementor-element-9028124 elementor-section-content-middle elementor-section-boxed elementor-section-height-default elementor-section-height-default\" data-id=\"9028124\" data-element_type=\"section\" data-e-type=\"section\" data-settings=\"{&quot;background_background&quot;:&quot;classic&quot;}\">\n\t\t\t\t\t\t<div class=\"elementor-container elementor-column-gap-no\">\n\t\t\t\t\t<div class=\"elementor-column elementor-col-50 elementor-top-column elementor-element elementor-element-f00f325\" data-id=\"f00f325\" data-element_type=\"column\" data-e-type=\"column\">\n\t\t\t<div class=\"elementor-widget-wrap elementor-element-populated\">\n\t\t\t\t\t\t<div class=\"elementor-element elementor-element-2be3b6b elementor-widget elementor-widget-heading\" data-id=\"2be3b6b\" data-element_type=\"widget\" data-e-type=\"widget\" data-widget_type=\"heading.default\">\n\t\t\t\t<div class=\"elementor-widget-container\">\n\t\t\t\t\t<h2 class=\"elementor-heading-title elementor-size-default\">DENISE DACCACH<\/h2>\t\t\t\t<\/div>\n\t\t\t\t<\/div>\n\t\t\t\t<div class=\"elementor-element elementor-element-b272d2d elementor-widget elementor-widget-text-editor\" data-id=\"b272d2d\" data-element_type=\"widget\" data-e-type=\"widget\" data-widget_type=\"text-editor.default\">\n\t\t\t\t<div class=\"elementor-widget-container\">\n\t\t\t\t\t\t\t\t\t<p>Welcome to DENISE DACCACH, where jewelry becomes a work of art. We create unique pieces that reflect a vibrant fusion of creativity and elegance.<\/p><p>Each piece we design tells a story, combining innovative forms and exceptional materials to offer you something truly special. Our commitment is to transform the tradition of jewelry into a contemporary and personal expression, always maintaining the essence of exclusivity and elegance.<\/p>\t\t\t\t\t\t\t\t<\/div>\n\t\t\t\t<\/div>\n\t\t\t\t\t<\/div>\n\t\t<\/div>\n\t\t\t\t<div class=\"elementor-column elementor-col-50 elementor-top-column elementor-element elementor-element-5d60a58\" data-id=\"5d60a58\" data-element_type=\"column\" data-e-type=\"column\">\n\t\t\t<div class=\"elementor-widget-wrap elementor-element-populated\">\n\t\t\t\t\t\t<div class=\"elementor-element elementor-element-209fd39 elementor-widget elementor-widget-image\" data-id=\"209fd39\" data-element_type=\"widget\" data-e-type=\"widget\" data-widget_type=\"image.default\">\n\t\t\t\t<div class=\"elementor-widget-container\">\n\t\t\t\t\t\t\t\t\t\t\t\t\t\t\t<img fetchpriority=\"high\" decoding=\"async\" width=\"1709\" height=\"2560\" src=\"https:\/\/denisedaccach.com\/wp-content\/uploads\/2024\/08\/DENISE_DACCACH_12347-scaled.jpg\" class=\"attachment-full size-full wp-image-924\" alt=\"\" srcset=\"https:\/\/denisedaccach.com\/wp-content\/uploads\/2024\/08\/DENISE_DACCACH_12347-scaled.jpg 1709w, https:\/\/denisedaccach.com\/wp-content\/uploads\/2024\/08\/DENISE_DACCACH_12347-scaled-600x899.jpg 600w, https:\/\/denisedaccach.com\/wp-content\/uploads\/2024\/08\/DENISE_DACCACH_12347-200x300.jpg 200w, https:\/\/denisedaccach.com\/wp-content\/uploads\/2024\/08\/DENISE_DACCACH_12347-683x1024.jpg 683w, https:\/\/denisedaccach.com\/wp-content\/uploads\/2024\/08\/DENISE_DACCACH_12347-768x1151.jpg 768w, https:\/\/denisedaccach.com\/wp-content\/uploads\/2024\/08\/DENISE_DACCACH_12347-1025x1536.jpg 1025w, https:\/\/denisedaccach.com\/wp-content\/uploads\/2024\/08\/DENISE_DACCACH_12347-1367x2048.jpg 1367w\" sizes=\"(max-width: 1709px) 100vw, 1709px\" \/>\t\t\t\t\t\t\t\t\t\t\t\t\t\t\t<\/div>\n\t\t\t\t<\/div>\n\t\t\t\t\t<\/div>\n\t\t<\/div>\n\t\t\t\t\t<\/div>\n\t\t<\/section>\n\t\t\t\t<section class=\"elementor-section elementor-top-section elementor-element elementor-element-5b2ab63 elementor-section-content-middle elementor-section-boxed elementor-section-height-default elementor-section-height-default\" data-id=\"5b2ab63\" data-element_type=\"section\" data-e-type=\"section\" data-settings=\"{&quot;background_background&quot;:&quot;classic&quot;}\">\n\t\t\t\t\t\t<div class=\"elementor-container elementor-column-gap-no\">\n\t\t\t\t\t<div class=\"elementor-column elementor-col-50 elementor-top-column elementor-element elementor-element-72ed4c2\" data-id=\"72ed4c2\" data-element_type=\"column\" data-e-type=\"column\">\n\t\t\t<div class=\"elementor-widget-wrap elementor-element-populated\">\n\t\t\t\t\t\t<div class=\"elementor-element elementor-element-f7fa4bb elementor-widget elementor-widget-heading\" data-id=\"f7fa4bb\" data-element_type=\"widget\" data-e-type=\"widget\" data-widget_type=\"heading.default\">\n\t\t\t\t<div class=\"elementor-widget-container\">\n\t\t\t\t\t<h2 class=\"elementor-heading-title elementor-size-default\">MISSION<\/h2>\t\t\t\t<\/div>\n\t\t\t\t<\/div>\n\t\t\t\t<div class=\"elementor-element elementor-element-39678f7 elementor-widget elementor-widget-text-editor\" data-id=\"39678f7\" data-element_type=\"widget\" data-e-type=\"widget\" data-widget_type=\"text-editor.default\">\n\t\t\t\t<div class=\"elementor-widget-container\">\n\t\t\t\t\t\t\t\t\t<p><span style=\"text-align: center;\">It is important to us to represent Latin American design with a global presence, exemplifying effortless sophistication through our pieces. We combine Colombia's rich artisanal heritage and inspiration from Arab culture with a focus on versatility, quality, and innovation, always respecting the environment. We are dedicated to creating jewelry that not only stands out for its beauty and exclusivity but also reflects a commitment to sustainable practices and an authentic celebration of our cultural heritage.<\/span><\/p>\t\t\t\t\t\t\t\t<\/div>\n\t\t\t\t<\/div>\n\t\t\t\t\t<\/div>\n\t\t<\/div>\n\t\t\t\t<div class=\"elementor-column elementor-col-50 elementor-top-column elementor-element elementor-element-fd0adc6\" data-id=\"fd0adc6\" data-element_type=\"column\" data-e-type=\"column\">\n\t\t\t<div class=\"elementor-widget-wrap elementor-element-populated\">\n\t\t\t\t\t\t<div class=\"elementor-element elementor-element-93dadaa elementor-widget elementor-widget-image\" data-id=\"93dadaa\" data-element_type=\"widget\" data-e-type=\"widget\" data-widget_type=\"image.default\">\n\t\t\t\t<div class=\"elementor-widget-container\">\n\t\t\t\t\t\t\t\t\t\t\t\t\t\t\t<img decoding=\"async\" width=\"1709\" height=\"2560\" src=\"https:\/\/denisedaccach.com\/wp-content\/uploads\/2024\/07\/DENISE_DACCACH_12241-scaled.jpg\" class=\"attachment-full size-full wp-image-802\" alt=\"\" srcset=\"https:\/\/denisedaccach.com\/wp-content\/uploads\/2024\/07\/DENISE_DACCACH_12241-scaled.jpg 1709w, https:\/\/denisedaccach.com\/wp-content\/uploads\/2024\/07\/DENISE_DACCACH_12241-scaled-600x899.jpg 600w, https:\/\/denisedaccach.com\/wp-content\/uploads\/2024\/07\/DENISE_DACCACH_12241-200x300.jpg 200w, https:\/\/denisedaccach.com\/wp-content\/uploads\/2024\/07\/DENISE_DACCACH_12241-683x1024.jpg 683w, https:\/\/denisedaccach.com\/wp-content\/uploads\/2024\/07\/DENISE_DACCACH_12241-768x1151.jpg 768w, https:\/\/denisedaccach.com\/wp-content\/uploads\/2024\/07\/DENISE_DACCACH_12241-1025x1536.jpg 1025w, https:\/\/denisedaccach.com\/wp-content\/uploads\/2024\/07\/DENISE_DACCACH_12241-1367x2048.jpg 1367w\" sizes=\"(max-width: 1709px) 100vw, 1709px\" \/>\t\t\t\t\t\t\t\t\t\t\t\t\t\t\t<\/div>\n\t\t\t\t<\/div>\n\t\t\t\t\t<\/div>\n\t\t<\/div>\n\t\t\t\t\t<\/div>\n\t\t<\/section>\n\t\t\t\t<section class=\"elementor-section elementor-top-section elementor-element elementor-element-a2dd716 elementor-section-content-middle elementor-section-boxed elementor-section-height-default elementor-section-height-default\" data-id=\"a2dd716\" data-element_type=\"section\" data-e-type=\"section\" data-settings=\"{&quot;background_background&quot;:&quot;classic&quot;}\">\n\t\t\t\t\t\t<div class=\"elementor-container elementor-column-gap-no\">\n\t\t\t\t\t<div class=\"elementor-column elementor-col-50 elementor-top-column elementor-element elementor-element-95e3279\" data-id=\"95e3279\" data-element_type=\"column\" data-e-type=\"column\">\n\t\t\t<div class=\"elementor-widget-wrap elementor-element-populated\">\n\t\t\t\t\t\t<div class=\"elementor-element elementor-element-12a0484 elementor-widget elementor-widget-heading\" data-id=\"12a0484\" data-element_type=\"widget\" data-e-type=\"widget\" data-widget_type=\"heading.default\">\n\t\t\t\t<div class=\"elementor-widget-container\">\n\t\t\t\t\t<h2 class=\"elementor-heading-title elementor-size-default\">Values<\/h2>\t\t\t\t<\/div>\n\t\t\t\t<\/div>\n\t\t\t\t<div class=\"elementor-element elementor-element-2c2bd75 elementor-widget elementor-widget-text-editor\" data-id=\"2c2bd75\" data-element_type=\"widget\" data-e-type=\"widget\" data-widget_type=\"text-editor.default\">\n\t\t\t\t<div class=\"elementor-widget-container\">\n\t\t\t\t\t\t\t\t\t<ul><li>We act with the highest integrity in everything we do. Transparency and honesty are the pillars of our relationships with clients, collaborators, and communities.<\/li><li>We value and respect our social and physical environment. We are committed to sustainable practices that protect the environment and foster a positive impact on the communities around us.<\/li><li>We are dedicated to creating constant opportunities for Latin communities to continue developing their artisanal talents. We believe in the power of collaboration and joint growth to strengthen our cultural roots.<\/li><li>We offer our clients consciously crafted collections, characterized by superior quality and exceptional service. Every piece of jewelry we create reflects our dedication to perfection and care in every detail.<\/li><\/ul>\t\t\t\t\t\t\t\t<\/div>\n\t\t\t\t<\/div>\n\t\t\t\t\t<\/div>\n\t\t<\/div>\n\t\t\t\t<div class=\"elementor-column elementor-col-50 elementor-top-column elementor-element elementor-element-1383105\" data-id=\"1383105\" data-element_type=\"column\" data-e-type=\"column\">\n\t\t\t<div class=\"elementor-widget-wrap elementor-element-populated\">\n\t\t\t\t\t\t<div class=\"elementor-element elementor-element-4ae866e elementor-widget elementor-widget-image\" data-id=\"4ae866e\" data-element_type=\"widget\" data-e-type=\"widget\" data-widget_type=\"image.default\">\n\t\t\t\t<div class=\"elementor-widget-container\">\n\t\t\t\t\t\t\t\t\t\t\t\t\t\t\t<img decoding=\"async\" width=\"1708\" height=\"2560\" src=\"https:\/\/denisedaccach.com\/wp-content\/uploads\/2024\/08\/DENISE_DACCACH_11435-scaled.jpg\" class=\"attachment-full size-full wp-image-911\" alt=\"\" srcset=\"https:\/\/denisedaccach.com\/wp-content\/uploads\/2024\/08\/DENISE_DACCACH_11435-scaled.jpg 1708w, https:\/\/denisedaccach.com\/wp-content\/uploads\/2024\/08\/DENISE_DACCACH_11435-scaled-600x899.jpg 600w, https:\/\/denisedaccach.com\/wp-content\/uploads\/2024\/08\/DENISE_DACCACH_11435-200x300.jpg 200w, https:\/\/denisedaccach.com\/wp-content\/uploads\/2024\/08\/DENISE_DACCACH_11435-683x1024.jpg 683w, https:\/\/denisedaccach.com\/wp-content\/uploads\/2024\/08\/DENISE_DACCACH_11435-768x1151.jpg 768w, https:\/\/denisedaccach.com\/wp-content\/uploads\/2024\/08\/DENISE_DACCACH_11435-1025x1536.jpg 1025w, https:\/\/denisedaccach.com\/wp-content\/uploads\/2024\/08\/DENISE_DACCACH_11435-1367x2048.jpg 1367w\" sizes=\"(max-width: 1708px) 100vw, 1708px\" \/>\t\t\t\t\t\t\t\t\t\t\t\t\t\t\t<\/div>\n\t\t\t\t<\/div>\n\t\t\t\t\t<\/div>\n\t\t<\/div>\n\t\t\t\t\t<\/div>\n\t\t<\/section>\n\t\t\t\t<\/div>","protected":false},"excerpt":{"rendered":"<p>SOBRE NOSOTROS DENISE DACCACH Bienvenidos a DENISE DACCACH, donde la joyer\u00eda se convierte en una obra de arte. Creamos piezas \u00fanicas que reflejan una fusi\u00f3n vibrante de creatividad y elegancia. Cada joya que dise\u00f1amos cuenta una historia, combinando formas innovadoras y materiales excepcionales para ofrecerte algo verdaderamente especial. Nuestro compromiso es transformar la tradici\u00f3n de [&hellip;]<\/p>\n","protected":false},"author":1,"featured_media":0,"parent":0,"menu_order":0,"comment_status":"closed","ping_status":"closed","template":"","meta":{"_uag_custom_page_level_css":"","_monsterinsights_skip_tracking":false,"_monsterinsights_sitenote_active":false,"_monsterinsights_sitenote_note":"","_monsterinsights_sitenote_category":0,"site-sidebar-layout":"no-sidebar","site-content-layout":"page-builder","ast-site-content-layout":"full-width-container","site-content-style":"default","site-sidebar-style":"default","ast-global-header-display":"","ast-banner-title-visibility":"","ast-main-header-display":"","ast-hfb-above-header-display":"","ast-hfb-below-header-display":"","ast-hfb-mobile-header-display":"","site-post-title":"disabled","ast-breadcrumbs-content":"","ast-featured-img":"disabled","footer-sml-layout":"","ast-disable-related-posts":"","theme-transparent-header-meta":"","adv-header-id-meta":"","stick-header-meta":"","header-above-stick-meta":"","header-main-stick-meta":"","header-below-stick-meta":"","astra-migrate-meta-layouts":"set","ast-page-background-enabled":"default","ast-page-background-meta":{"desktop":{"background-color":"var(--ast-global-color-4)","background-image":"","background-repeat":"repeat","background-position":"center center","background-size":"auto","background-attachment":"scroll","background-type":"","background-media":"","overlay-type":"","overlay-color":"","overlay-opacity":"","overlay-gradient":""},"tablet":{"background-color":"","background-image":"","background-repeat":"repeat","background-position":"center center","background-size":"auto","background-attachment":"scroll","background-type":"","background-media":"","overlay-type":"","overlay-color":"","overlay-opacity":"","overlay-gradient":""},"mobile":{"background-color":"","background-image":"","background-repeat":"repeat","background-position":"center center","background-size":"auto","background-attachment":"scroll","background-type":"","background-media":"","overlay-type":"","overlay-color":"","overlay-opacity":"","overlay-gradient":""}},"ast-content-background-meta":{"desktop":{"background-color":"var(--ast-global-color-5)","background-image":"","background-repeat":"repeat","background-position":"center center","background-size":"auto","background-attachment":"scroll","background-type":"","background-media":"","overlay-type":"","overlay-color":"","overlay-opacity":"","overlay-gradient":""},"tablet":{"background-color":"var(--ast-global-color-5)","background-image":"","background-repeat":"repeat","background-position":"center center","background-size":"auto","background-attachment":"scroll","background-type":"","background-media":"","overlay-type":"","overlay-color":"","overlay-opacity":"","overlay-gradient":""},"mobile":{"background-color":"var(--ast-global-color-5)","background-image":"","background-repeat":"repeat","background-position":"center center","background-size":"auto","background-attachment":"scroll","background-type":"","background-media":"","overlay-type":"","overlay-color":"","overlay-opacity":"","overlay-gradient":""}},"footnotes":""},"class_list":["post-1406","page","type-page","status-publish","hentry"],"aioseo_notices":[],"uagb_featured_image_src":{"full":false,"thumbnail":false,"medium":false,"medium_large":false,"large":false,"1536x1536":false,"2048x2048":false,"trp-custom-language-flag":false,"woocommerce_thumbnail":false,"woocommerce_single":false,"woocommerce_gallery_thumbnail":false},"uagb_author_info":{"display_name":"denisedaccachjewelry@gmail.com","author_link":"https:\/\/denisedaccach.com\/en\/author\/denisedaccachjewelrygmail-com\/"},"uagb_comment_info":0,"uagb_excerpt":"SOBRE NOSOTROS DENISE DACCACH Bienvenidos a DENISE DACCACH, donde la joyer\u00eda se convierte en una obra de arte. Creamos piezas \u00fanicas que reflejan una fusi\u00f3n vibrante de creatividad y elegancia. Cada joya que dise\u00f1amos cuenta una historia, combinando formas innovadoras y materiales excepcionales para ofrecerte algo verdaderamente especial. Nuestro compromiso es transformar la tradici\u00f3n de&hellip;","_links":{"self":[{"href":"https:\/\/denisedaccach.com\/en\/wp-json\/wp\/v2\/pages\/1406","targetHints":{"allow":["GET"]}}],"collection":[{"href":"https:\/\/denisedaccach.com\/en\/wp-json\/wp\/v2\/pages"}],"about":[{"href":"https:\/\/denisedaccach.com\/en\/wp-json\/wp\/v2\/types\/page"}],"author":[{"embeddable":true,"href":"https:\/\/denisedaccach.com\/en\/wp-json\/wp\/v2\/users\/1"}],"replies":[{"embeddable":true,"href":"https:\/\/denisedaccach.com\/en\/wp-json\/wp\/v2\/comments?post=1406"}],"version-history":[{"count":35,"href":"https:\/\/denisedaccach.com\/en\/wp-json\/wp\/v2\/pages\/1406\/revisions"}],"predecessor-version":[{"id":2283,"href":"https:\/\/denisedaccach.com\/en\/wp-json\/wp\/v2\/pages\/1406\/revisions\/2283"}],"wp:attachment":[{"href":"https:\/\/denisedaccach.com\/en\/wp-json\/wp\/v2\/media?parent=1406"}],"curies":[{"name":"wp","href":"https:\/\/api.w.org\/{rel}","templated":true}]}}